{"id":4084,"date":"2022-06-29T15:55:15","date_gmt":"2022-06-29T15:55:15","guid":{"rendered":"https:\/\/www.cimasrl.it\/casse-zincate\/"},"modified":"2022-09-08T07:52:58","modified_gmt":"2022-09-08T07:52:58","slug":"cajas-galvanizadas","status":"publish","type":"page","link":"https:\/\/www.cimasrl.it\/es\/cajas-galvanizadas\/","title":{"rendered":"Cajas galvanizadas"},"content":{"rendered":"\t\t<div data-elementor-type=\"wp-page\" data-elementor-id=\"4084\" class=\"elementor elementor-4084 elementor-2055\" data-elementor-post-type=\"page\">\n\t\t\t\t\t\t<section class=\"elementor-section elementor-top-section elementor-element elementor-element-41a357cc elementor-section-height-min-height elementor-section-items-stretch elementor-section-boxed elementor-section-height-default\" data-id=\"41a357cc\" data-element_type=\"section\" data-e-type=\"section\" data-settings=\"{&quot;background_background&quot;:&quot;classic&quot;}\">\n\t\t\t\t\t\t<div class=\"elementor-container elementor-column-gap-default\">\n\t\t\t\t\t<div class=\"elementor-column elementor-col-50 elementor-top-column elementor-element elementor-element-47726888\" data-id=\"47726888\" data-element_type=\"column\" data-e-type=\"column\">\n\t\t\t<div class=\"elementor-widget-wrap elementor-element-populated\">\n\t\t\t\t\t\t<div class=\"elementor-element elementor-element-213984cc elementor-widget elementor-widget-heading\" data-id=\"213984cc\" data-element_type=\"widget\" data-e-type=\"widget\" data-widget_type=\"heading.default\">\n\t\t\t\t<div class=\"elementor-widget-container\">\n\t\t\t\t\t<h1 class=\"elementor-heading-title elementor-size-default\">Cajas<\/h1>\t\t\t\t<\/div>\n\t\t\t\t<\/div>\n\t\t\t\t<div class=\"elementor-element elementor-element-3c7439e1 elementor-widget elementor-widget-heading\" data-id=\"3c7439e1\" data-element_type=\"widget\" data-e-type=\"widget\" data-widget_type=\"heading.default\">\n\t\t\t\t<div class=\"elementor-widget-container\">\n\t\t\t\t\t<h2 class=\"elementor-heading-title elementor-size-default\">galvanizadas<\/h2>\t\t\t\t<\/div>\n\t\t\t\t<\/div>\n\t\t\t\t<div class=\"elementor-element elementor-element-dccfaf7 elementor-widget elementor-widget-text-editor\" data-id=\"dccfaf7\" data-element_type=\"widget\" data-e-type=\"widget\" data-widget_type=\"text-editor.default\">\n\t\t\t\t<div class=\"elementor-widget-container\">\n\t\t\t\t\t\t\t\t\t<p>Dise\u00f1amos y fabricamos cajas galvanizadas para albergar, embalar, almacenar, manipular y transportar losas cer\u00e1micas de cualquier forma y tama\u00f1o.<\/p>\t\t\t\t\t\t\t\t<\/div>\n\t\t\t\t<\/div>\n\t\t\t\t<div class=\"elementor-element elementor-element-32331de1 elementor-widget elementor-widget-button\" data-id=\"32331de1\" data-element_type=\"widget\" data-e-type=\"widget\" data-widget_type=\"button.default\">\n\t\t\t\t<div class=\"elementor-widget-container\">\n\t\t\t\t\t\t\t\t\t<div class=\"elementor-button-wrapper\">\n\t\t\t\t\t<a class=\"elementor-button elementor-button-link elementor-size-sm\" href=\"https:\/\/www.cimasrl.it\/es\/contactos\/\">\n\t\t\t\t\t\t<span class=\"elementor-button-content-wrapper\">\n\t\t\t\t\t\t<span class=\"elementor-button-icon\">\n\t\t\t\t<svg aria-hidden=\"true\" class=\"e-font-icon-svg e-fas-angle-right\" viewBox=\"0 0 256 512\" xmlns=\"http:\/\/www.w3.org\/2000\/svg\"><path d=\"M224.3 273l-136 136c-9.4 9.4-24.6 9.4-33.9 0l-22.6-22.6c-9.4-9.4-9.4-24.6 0-33.9l96.4-96.4-96.4-96.4c-9.4-9.4-9.4-24.6 0-33.9L54.3 103c9.4-9.4 24.6-9.4 33.9 0l136 136c9.5 9.4 9.5 24.6.1 34z\"><\/path><\/svg>\t\t\t<\/span>\n\t\t\t\t\t\t\t\t\t<span class=\"elementor-button-text\">Comprar<\/span>\n\t\t\t\t\t<\/span>\n\t\t\t\t\t<\/a>\n\t\t\t\t<\/div>\n\t\t\t\t\t\t\t\t<\/div>\n\t\t\t\t<\/div>\n\t\t\t\t<div class=\"elementor-element elementor-element-4d9e8ad6 elementor-widget elementor-widget-button\" data-id=\"4d9e8ad6\" data-element_type=\"widget\" data-e-type=\"widget\" data-widget_type=\"button.default\">\n\t\t\t\t<div class=\"elementor-widget-container\">\n\t\t\t\t\t\t\t\t\t<div class=\"elementor-button-wrapper\">\n\t\t\t\t\t<a class=\"elementor-button elementor-button-link elementor-size-sm\" href=\"#elementor-action%3Aaction%3Dpopup%3Aopen%26settings%3DeyJpZCI6MzMwMCwidG9nZ2xlIjpmYWxzZX0%3D\">\n\t\t\t\t\t\t<span class=\"elementor-button-content-wrapper\">\n\t\t\t\t\t\t<span class=\"elementor-button-icon\">\n\t\t\t\t<svg aria-hidden=\"true\" class=\"e-font-icon-svg e-fas-angle-right\" viewBox=\"0 0 256 512\" xmlns=\"http:\/\/www.w3.org\/2000\/svg\"><path d=\"M224.3 273l-136 136c-9.4 9.4-24.6 9.4-33.9 0l-22.6-22.6c-9.4-9.4-9.4-24.6 0-33.9l96.4-96.4-96.4-96.4c-9.4-9.4-9.4-24.6 0-33.9L54.3 103c9.4-9.4 24.6-9.4 33.9 0l136 136c9.5 9.4 9.5 24.6.1 34z\"><\/path><\/svg>\t\t\t<\/span>\n\t\t\t\t\t\t\t\t\t<span class=\"elementor-button-text\">V\u00eddeo<\/span>\n\t\t\t\t\t<\/span>\n\t\t\t\t\t<\/a>\n\t\t\t\t<\/div>\n\t\t\t\t\t\t\t\t<\/div>\n\t\t\t\t<\/div>\n\t\t\t\t<div class=\"elementor-element elementor-element-1c0df752 elementor-widget elementor-widget-button\" data-id=\"1c0df752\" data-element_type=\"widget\" data-e-type=\"widget\" data-widget_type=\"button.default\">\n\t\t\t\t<div class=\"elementor-widget-container\">\n\t\t\t\t\t\t\t\t\t<div class=\"elementor-button-wrapper\">\n\t\t\t\t\t<a class=\"elementor-button elementor-button-link elementor-size-sm\" href=\"#3d\">\n\t\t\t\t\t\t<span class=\"elementor-button-content-wrapper\">\n\t\t\t\t\t\t<span class=\"elementor-button-icon\">\n\t\t\t\t<svg aria-hidden=\"true\" class=\"e-font-icon-svg e-fas-angle-right\" viewBox=\"0 0 256 512\" xmlns=\"http:\/\/www.w3.org\/2000\/svg\"><path d=\"M224.3 273l-136 136c-9.4 9.4-24.6 9.4-33.9 0l-22.6-22.6c-9.4-9.4-9.4-24.6 0-33.9l96.4-96.4-96.4-96.4c-9.4-9.4-9.4-24.6 0-33.9L54.3 103c9.4-9.4 24.6-9.4 33.9 0l136 136c9.5 9.4 9.5 24.6.1 34z\"><\/path><\/svg>\t\t\t<\/span>\n\t\t\t\t\t\t\t\t\t<span class=\"elementor-button-text\">Modelo 3D<\/span>\n\t\t\t\t\t<\/span>\n\t\t\t\t\t<\/a>\n\t\t\t\t<\/div>\n\t\t\t\t\t\t\t\t<\/div>\n\t\t\t\t<\/div>\n\t\t\t\t\t<\/div>\n\t\t<\/div>\n\t\t\t\t<div class=\"elementor-column elementor-col-50 elementor-top-column elementor-element elementor-element-12589159\" data-id=\"12589159\" data-element_type=\"column\" data-e-type=\"column\" data-settings=\"{&quot;background_background&quot;:&quot;classic&quot;}\">\n\t\t\t<div class=\"elementor-widget-wrap elementor-element-populated\">\n\t\t\t\t\t\t<div class=\"elementor-element elementor-element-722cbd3 elementor-widget elementor-widget-image-carousel\" data-id=\"722cbd3\" data-element_type=\"widget\" data-e-type=\"widget\" data-settings=\"{&quot;slides_to_show&quot;:&quot;1&quot;,&quot;navigation&quot;:&quot;none&quot;,&quot;motion_fx_motion_fx_scrolling&quot;:&quot;yes&quot;,&quot;motion_fx_translateY_effect&quot;:&quot;yes&quot;,&quot;motion_fx_translateY_direction&quot;:&quot;negative&quot;,&quot;motion_fx_translateY_affectedRange&quot;:{&quot;unit&quot;:&quot;%&quot;,&quot;size&quot;:&quot;&quot;,&quot;sizes&quot;:{&quot;start&quot;:0,&quot;end&quot;:80}},&quot;motion_fx_devices&quot;:[&quot;desktop&quot;],&quot;autoplay&quot;:&quot;yes&quot;,&quot;pause_on_hover&quot;:&quot;yes&quot;,&quot;pause_on_interaction&quot;:&quot;yes&quot;,&quot;autoplay_speed&quot;:5000,&quot;infinite&quot;:&quot;yes&quot;,&quot;effect&quot;:&quot;slide&quot;,&quot;speed&quot;:500,&quot;motion_fx_translateY_speed&quot;:{&quot;unit&quot;:&quot;px&quot;,&quot;size&quot;:4,&quot;sizes&quot;:[]}}\" data-widget_type=\"image-carousel.default\">\n\t\t\t\t<div class=\"elementor-widget-container\">\n\t\t\t\t\t\t\t<div class=\"elementor-image-carousel-wrapper swiper\" role=\"region\" aria-roledescription=\"carousel\" aria-label=\"Carrusel de im\u00e1genes\" dir=\"ltr\">\n\t\t\t<div class=\"elementor-image-carousel swiper-wrapper\" aria-live=\"off\">\n\t\t\t\t\t\t\t\t<div class=\"swiper-slide\" role=\"group\" aria-roledescription=\"slide\" aria-label=\"1 de 4\"><a data-elementor-open-lightbox=\"yes\" data-elementor-lightbox-slideshow=\"722cbd3\" data-elementor-lightbox-title=\"Cassa zincata singola per lastre ceramiche\" data-elementor-lightbox-description=\"Cima Srl\" data-e-action-hash=\"#elementor-action%3Aaction%3Dlightbox%26settings%3DeyJpZCI6Mzk5OSwidXJsIjoiaHR0cHM6XC9cL3d3dy5jaW1hc3JsLml0XC93cC1jb250ZW50XC91cGxvYWRzXC8yMDIyXC8wOFwvY2Fzc2UtemluY2F0ZS1waWFzdHJlbGxlLWNlcmFtaWNoZS1jaW1hLXNybC0wMS5qcGciLCJzbGlkZXNob3ciOiI3MjJjYmQzIn0%3D\" href=\"https:\/\/www.cimasrl.it\/wp-content\/uploads\/2022\/08\/casse-zincate-piastrelle-ceramiche-cima-srl-01.jpg\"><figure class=\"swiper-slide-inner\"><img decoding=\"async\" class=\"swiper-slide-image\" src=\"https:\/\/www.cimasrl.it\/wp-content\/uploads\/elementor\/thumbs\/casse-zincate-piastrelle-ceramiche-cima-srl-01-pt3xz50om8jxla8bj09voufjbzsqbu6jm9s1ttmk9c.jpg\" alt=\"Cassa zincata singola per lastre ceramiche\" \/><\/figure><\/a><\/div><div class=\"swiper-slide\" role=\"group\" aria-roledescription=\"slide\" aria-label=\"2 de 4\"><a data-elementor-open-lightbox=\"yes\" data-elementor-lightbox-slideshow=\"722cbd3\" data-elementor-lightbox-title=\"Casse zincate impilabili per lastre ceramiche\" data-elementor-lightbox-description=\"Cima Srl\" data-e-action-hash=\"#elementor-action%3Aaction%3Dlightbox%26settings%3DeyJpZCI6NDAwMiwidXJsIjoiaHR0cHM6XC9cL3d3dy5jaW1hc3JsLml0XC93cC1jb250ZW50XC91cGxvYWRzXC8yMDIyXC8wOFwvY2Fzc2UtemluY2F0ZS1waWFzdHJlbGxlLWNlcmFtaWNoZS1jaW1hLXNybC0wMi5qcGciLCJzbGlkZXNob3ciOiI3MjJjYmQzIn0%3D\" href=\"https:\/\/www.cimasrl.it\/wp-content\/uploads\/2022\/08\/casse-zincate-piastrelle-ceramiche-cima-srl-02.jpg\"><figure class=\"swiper-slide-inner\"><img decoding=\"async\" class=\"swiper-slide-image\" src=\"https:\/\/www.cimasrl.it\/wp-content\/uploads\/elementor\/thumbs\/casse-zincate-piastrelle-ceramiche-cima-srl-02-pt3xz5yit2l7ww6ydioi9c6zxdo3jja9yefjb3l634.jpg\" alt=\"Casse zincate impilabili per lastre ceramiche\" \/><\/figure><\/a><\/div><div class=\"swiper-slide\" role=\"group\" aria-roledescription=\"slide\" aria-label=\"3 de 4\"><a data-elementor-open-lightbox=\"yes\" data-elementor-lightbox-slideshow=\"722cbd3\" data-elementor-lightbox-title=\"Casse zincate impilabili per lastre ceramiche\" data-elementor-lightbox-description=\"Cima Srl\" data-e-action-hash=\"#elementor-action%3Aaction%3Dlightbox%26settings%3DeyJpZCI6NDAwNSwidXJsIjoiaHR0cHM6XC9cL3d3dy5jaW1hc3JsLml0XC93cC1jb250ZW50XC91cGxvYWRzXC8yMDIyXC8wOFwvY2Fzc2UtemluY2F0ZS1waWFzdHJlbGxlLWNlcmFtaWNoZS1jaW1hLXNybC0wMy5qcGciLCJzbGlkZXNob3ciOiI3MjJjYmQzIn0%3D\" href=\"https:\/\/www.cimasrl.it\/wp-content\/uploads\/2022\/08\/casse-zincate-piastrelle-ceramiche-cima-srl-03.jpg\"><figure class=\"swiper-slide-inner\"><img decoding=\"async\" class=\"swiper-slide-image\" src=\"https:\/\/www.cimasrl.it\/wp-content\/uploads\/elementor\/thumbs\/casse-zincate-piastrelle-ceramiche-cima-srl-03-pt3xz7u76qnsk4482jhrebpx45etyxhqmnqi9nidqo.jpg\" alt=\"Casse zincate impilabili per lastre ceramiche\" \/><\/figure><\/a><\/div><div class=\"swiper-slide\" role=\"group\" aria-roledescription=\"slide\" aria-label=\"4 de 4\"><a data-elementor-open-lightbox=\"yes\" data-elementor-lightbox-slideshow=\"722cbd3\" data-elementor-lightbox-title=\"Casse zincate impilabili per lastre ceramiche\" data-elementor-lightbox-description=\"Cima Srl\" data-e-action-hash=\"#elementor-action%3Aaction%3Dlightbox%26settings%3DeyJpZCI6NDAwOCwidXJsIjoiaHR0cHM6XC9cL3d3dy5jaW1hc3JsLml0XC93cC1jb250ZW50XC91cGxvYWRzXC8yMDIyXC8wOFwvY2Fzc2UtemluY2F0ZS1waWFzdHJlbGxlLWNlcmFtaWNoZS1jaW1hLXNybC0wNC5qcGciLCJzbGlkZXNob3ciOiI3MjJjYmQzIn0%3D\" href=\"https:\/\/www.cimasrl.it\/wp-content\/uploads\/2022\/08\/casse-zincate-piastrelle-ceramiche-cima-srl-04.jpg\"><figure class=\"swiper-slide-inner\"><img decoding=\"async\" class=\"swiper-slide-image\" src=\"https:\/\/www.cimasrl.it\/wp-content\/uploads\/elementor\/thumbs\/casse-zincate-piastrelle-ceramiche-cima-srl-04-pt3xz8s1dkp2vq2ux1wdythdpja76mlgysdzqxgzkg.jpg\" alt=\"Casse zincate impilabili per lastre ceramiche\" \/><\/figure><\/a><\/div>\t\t\t<\/div>\n\t\t\t\t\t\t\t\n\t\t\t\t\t\t\t\t\t<\/div>\n\t\t\t\t\t\t<\/div>\n\t\t\t\t<\/div>\n\t\t\t\t\t<\/div>\n\t\t<\/div>\n\t\t\t\t\t<\/div>\n\t\t<\/section>\n\t\t\t\t<section class=\"elementor-section elementor-top-section elementor-element elementor-element-772e476b elementor-section-boxed elementor-section-height-default elementor-section-height-default\" data-id=\"772e476b\" data-element_type=\"section\" data-e-type=\"section\">\n\t\t\t\t\t\t<div class=\"elementor-container elementor-column-gap-default\">\n\t\t\t\t\t<div class=\"elementor-column elementor-col-100 elementor-top-column elementor-element elementor-element-27bfc3fc\" data-id=\"27bfc3fc\" data-element_type=\"column\" data-e-type=\"column\">\n\t\t\t<div class=\"elementor-widget-wrap elementor-element-populated\">\n\t\t\t\t\t\t<div class=\"elementor-element elementor-element-4149cb8b elementor-widget elementor-widget-heading\" data-id=\"4149cb8b\" data-element_type=\"widget\" data-e-type=\"widget\" data-widget_type=\"heading.default\">\n\t\t\t\t<div class=\"elementor-widget-container\">\n\t\t\t\t\t<h3 class=\"elementor-heading-title elementor-size-default\">M\u00e1s informaci\u00f3n<\/h3>\t\t\t\t<\/div>\n\t\t\t\t<\/div>\n\t\t\t\t<div class=\"elementor-element elementor-element-6a6e154b elementor-widget elementor-widget-text-editor\" data-id=\"6a6e154b\" data-element_type=\"widget\" data-e-type=\"widget\" data-widget_type=\"text-editor.default\">\n\t\t\t\t<div class=\"elementor-widget-container\">\n\t\t\t\t\t\t\t\t\t<p>Las losas cer\u00e1micas de gran formato son cada vez m\u00e1s demandadas y utilizadas en el mercado del revestimiento de edificios. Las dimensiones de las losas disponibles hoy en d\u00eda permiten amplias posibilidades de uso y creaciones de alta calidad: sin embargo, es fundamental estar perfectamente organizados en las fases de almacenamiento, manipulaci\u00f3n, transporte y descarga.<\/p>\n<p>Todas estas delicadas operaciones se realizaban con las tradicionales bandejas de madera o mediante caballetes de embalaje verticales.<\/p>\n<p>\u00a1Hasta hoy!<\/p>\n<p><b>Cima<\/b>, a trav\u00e9s del di\u00e1logo con los fabricantes de cer\u00e1mica, ha dise\u00f1ado, desarrollado y patentado la innovadora <b>caja galvanizada<\/b> modular reutilizable, una soluci\u00f3n capaz de responder y satisfacer todas las necesidades, incluso en el caso de losas de cer\u00e1mica de gran formato. Fabricada a medida, la caja galvanizada es la soluci\u00f3n ideal para alojar, embalar, almacenar, manipular y transportar <b>losas cer\u00e1micas<\/b>, <b>tambi\u00e9n las de gran formato<\/b>.<\/p>\n<p>La caja de acero galvanizado Cima permite proteger la integridad del contenido, creando una armadura ign\u00edfuga resistente a deformaciones e impactos. Esta peculiaridad elimina el riesgo de incendio en el almac\u00e9n de dep\u00f3sito y en el contenedor de transporte.<\/p>\n<p>La caja galvanizada Cima permite transportar un mayor n\u00famero de losas ocupando el mismo espacio en comparaci\u00f3n con las bandejas y los caballetes de madera m\u00e1s comunes; la modularidad de la caja tambi\u00e9n ofrece la posibilidad de superponer y apilar m\u00e1s elementos para optimizar el espacio durante la fase de transporte y dep\u00f3sito en el almac\u00e9n.<\/p>\n<p>El tama\u00f1o reducido y la posibilidad de reutilizarla para m\u00faltiples ciclos de manipulaci\u00f3n y transporte producen, frente a los sistemas tradicionales, amortizaci\u00f3n de costes y grandes ahorros a corto plazo.<\/p>\n<p>La caja galvanizada Cima es at\u00f3xica, no desarrolla ni se ve afectada por microorganismos. A diferencia de las cajas, caballetes y bandejas de madera de uso com\u00fan, es completamente reciclable: \u00a1una opci\u00f3n ecol\u00f3gica para tu negocio!<\/p>\t\t\t\t\t\t\t\t<\/div>\n\t\t\t\t<\/div>\n\t\t\t\t<div class=\"elementor-element elementor-element-7930cf0d elementor-widget__width-auto elementor-widget elementor-widget-button\" data-id=\"7930cf0d\" data-element_type=\"widget\" data-e-type=\"widget\" data-widget_type=\"button.default\">\n\t\t\t\t<div class=\"elementor-widget-container\">\n\t\t\t\t\t\t\t\t\t<div class=\"elementor-button-wrapper\">\n\t\t\t\t\t<a class=\"elementor-button elementor-button-link elementor-size-sm\" href=\"https:\/\/www.cimasrl.it\/es\/contactos\/\">\n\t\t\t\t\t\t<span class=\"elementor-button-content-wrapper\">\n\t\t\t\t\t\t<span class=\"elementor-button-icon\">\n\t\t\t\t<svg aria-hidden=\"true\" class=\"e-font-icon-svg e-fas-angle-right\" viewBox=\"0 0 256 512\" xmlns=\"http:\/\/www.w3.org\/2000\/svg\"><path d=\"M224.3 273l-136 136c-9.4 9.4-24.6 9.4-33.9 0l-22.6-22.6c-9.4-9.4-9.4-24.6 0-33.9l96.4-96.4-96.4-96.4c-9.4-9.4-9.4-24.6 0-33.9L54.3 103c9.4-9.4 24.6-9.4 33.9 0l136 136c9.5 9.4 9.5 24.6.1 34z\"><\/path><\/svg>\t\t\t<\/span>\n\t\t\t\t\t\t\t\t\t<span class=\"elementor-button-text\">Comprar<\/span>\n\t\t\t\t\t<\/span>\n\t\t\t\t\t<\/a>\n\t\t\t\t<\/div>\n\t\t\t\t\t\t\t\t<\/div>\n\t\t\t\t<\/div>\n\t\t\t\t<div class=\"elementor-element elementor-element-51ed9dc5 elementor-widget__width-auto elementor-widget elementor-widget-button\" data-id=\"51ed9dc5\" data-element_type=\"widget\" data-e-type=\"widget\" data-widget_type=\"button.default\">\n\t\t\t\t<div class=\"elementor-widget-container\">\n\t\t\t\t\t\t\t\t\t<div class=\"elementor-button-wrapper\">\n\t\t\t\t\t<a class=\"elementor-button elementor-button-link elementor-size-sm\" href=\"#3d\">\n\t\t\t\t\t\t<span class=\"elementor-button-content-wrapper\">\n\t\t\t\t\t\t<span class=\"elementor-button-icon\">\n\t\t\t\t<svg aria-hidden=\"true\" class=\"e-font-icon-svg e-fas-angle-right\" viewBox=\"0 0 256 512\" xmlns=\"http:\/\/www.w3.org\/2000\/svg\"><path d=\"M224.3 273l-136 136c-9.4 9.4-24.6 9.4-33.9 0l-22.6-22.6c-9.4-9.4-9.4-24.6 0-33.9l96.4-96.4-96.4-96.4c-9.4-9.4-9.4-24.6 0-33.9L54.3 103c9.4-9.4 24.6-9.4 33.9 0l136 136c9.5 9.4 9.5 24.6.1 34z\"><\/path><\/svg>\t\t\t<\/span>\n\t\t\t\t\t\t\t\t\t<span class=\"elementor-button-text\">Modelo 3D<\/span>\n\t\t\t\t\t<\/span>\n\t\t\t\t\t<\/a>\n\t\t\t\t<\/div>\n\t\t\t\t\t\t\t\t<\/div>\n\t\t\t\t<\/div>\n\t\t\t\t\t<\/div>\n\t\t<\/div>\n\t\t\t\t\t<\/div>\n\t\t<\/section>\n\t\t\t\t<section class=\"elementor-section elementor-top-section elementor-element elementor-element-62b7eddc elementor-section-full_width elementor-section-height-default elementor-section-height-default\" data-id=\"62b7eddc\" data-element_type=\"section\" data-e-type=\"section\" id=\"3d\">\n\t\t\t\t\t\t<div class=\"elementor-container elementor-column-gap-default\">\n\t\t\t\t\t<div class=\"elementor-column elementor-col-50 elementor-top-column elementor-element elementor-element-1546b72b\" data-id=\"1546b72b\" data-element_type=\"column\" data-e-type=\"column\">\n\t\t\t<div class=\"elementor-widget-wrap elementor-element-populated\">\n\t\t\t\t\t\t<div class=\"elementor-element elementor-element-79647c42 elementor-widget elementor-widget-html\" data-id=\"79647c42\" data-element_type=\"widget\" data-e-type=\"widget\" id=\"3d\" data-widget_type=\"html.default\">\n\t\t\t\t<div class=\"elementor-widget-container\">\n\t\t\t\t\t<iframe name=\"LB\" id=\"LB\" width=\"100%\" height=\"800px\" margin=\"0px\" padding=\"0px\" scrolling=\"no\" frameborder=\"1\" src=\"https:\/\/service.vitruviovirtualmuseum.com\/cima\/casse_zincate.html\"><\/iframe>\t\t\t\t<\/div>\n\t\t\t\t<\/div>\n\t\t\t\t\t<\/div>\n\t\t<\/div>\n\t\t\t\t<div class=\"elementor-column elementor-col-50 elementor-top-column elementor-element elementor-element-bec0356\" data-id=\"bec0356\" data-element_type=\"column\" data-e-type=\"column\" data-settings=\"{&quot;background_background&quot;:&quot;classic&quot;}\">\n\t\t\t<div class=\"elementor-widget-wrap elementor-element-populated\">\n\t\t\t\t\t\t<div class=\"elementor-element elementor-element-cf96571 elementor-widget elementor-widget-heading\" data-id=\"cf96571\" data-element_type=\"widget\" data-e-type=\"widget\" data-widget_type=\"heading.default\">\n\t\t\t\t<div class=\"elementor-widget-container\">\n\t\t\t\t\t<h3 class=\"elementor-heading-title elementor-size-default\">Especificaciones t\u00e9cnicas<\/h3>\t\t\t\t<\/div>\n\t\t\t\t<\/div>\n\t\t\t\t<div class=\"elementor-element elementor-element-ee3b113 elementor-widget elementor-widget-toggle\" data-id=\"ee3b113\" data-element_type=\"widget\" data-e-type=\"widget\" data-widget_type=\"toggle.default\">\n\t\t\t\t<div class=\"elementor-widget-container\">\n\t\t\t\t\t\t\t<div class=\"elementor-toggle\">\n\t\t\t\t\t\t\t<div class=\"elementor-toggle-item\">\n\t\t\t\t\t<div id=\"elementor-tab-title-2491\" class=\"elementor-tab-title\" data-tab=\"1\" role=\"button\" aria-controls=\"elementor-tab-content-2491\" aria-expanded=\"false\">\n\t\t\t\t\t\t\t\t\t\t\t\t<a class=\"elementor-toggle-title\" tabindex=\"0\">Cajas para losas de 1600x3200 mm<\/a>\n\t\t\t\t\t<\/div>\n\n\t\t\t\t\t<div id=\"elementor-tab-content-2491\" class=\"elementor-tab-content elementor-clearfix\" data-tab=\"1\" role=\"region\" aria-labelledby=\"elementor-tab-title-2491\"><ul><li>Ancho: 1802 mm;<\/li><li>Largo: 3396 mm.<\/li><\/ul><\/div>\n\t\t\t\t<\/div>\n\t\t\t\t\t\t\t<div class=\"elementor-toggle-item\">\n\t\t\t\t\t<div id=\"elementor-tab-title-2492\" class=\"elementor-tab-title\" data-tab=\"2\" role=\"button\" aria-controls=\"elementor-tab-content-2492\" aria-expanded=\"false\">\n\t\t\t\t\t\t\t\t\t\t\t\t<a class=\"elementor-toggle-title\" tabindex=\"0\">Cajas para losas de 1200x2400 mm<\/a>\n\t\t\t\t\t<\/div>\n\n\t\t\t\t\t<div id=\"elementor-tab-content-2492\" class=\"elementor-tab-content elementor-clearfix\" data-tab=\"2\" role=\"region\" aria-labelledby=\"elementor-tab-title-2492\"><ul><li>Ancho: 1402 mm;<\/li><li>Largo: 2596 mm.<\/li><\/ul><\/div>\n\t\t\t\t<\/div>\n\t\t\t\t\t\t\t<div class=\"elementor-toggle-item\">\n\t\t\t\t\t<div id=\"elementor-tab-title-2493\" class=\"elementor-tab-title\" data-tab=\"3\" role=\"button\" aria-controls=\"elementor-tab-content-2493\" aria-expanded=\"false\">\n\t\t\t\t\t\t\t\t\t\t\t\t<a class=\"elementor-toggle-title\" tabindex=\"0\">Cajas para losas a medida<\/a>\n\t\t\t\t\t<\/div>\n\n\t\t\t\t\t<div id=\"elementor-tab-content-2493\" class=\"elementor-tab-content elementor-clearfix\" data-tab=\"3\" role=\"region\" aria-labelledby=\"elementor-tab-title-2493\"><p>Construimos cajas a medida en funci\u00f3n de las losas.<\/p><\/div>\n\t\t\t\t<\/div>\n\t\t\t\t\t\t\t\t<\/div>\n\t\t\t\t\t\t<\/div>\n\t\t\t\t<\/div>\n\t\t\t\t\t<\/div>\n\t\t<\/div>\n\t\t\t\t\t<\/div>\n\t\t<\/section>\n\t\t\t\t<\/div>\n\t\t","protected":false},"excerpt":{"rendered":"<p>Cajas galvanizadas Dise\u00f1amos y fabricamos cajas galvanizadas para albergar, embalar, almacenar, manipular y transportar losas cer\u00e1micas de cualquier forma y tama\u00f1o. Comprar V\u00eddeo Modelo 3D M\u00e1s informaci\u00f3n Las losas cer\u00e1micas de gran formato son cada vez m\u00e1s demandadas y utilizadas en el mercado del revestimiento de edificios. Las dimensiones de las losas disponibles hoy en [&hellip;]<\/p>\n","protected":false},"author":1,"featured_media":0,"parent":0,"menu_order":0,"comment_status":"closed","ping_status":"closed","template":"","meta":{"footnotes":""},"class_list":["post-4084","page","type-page","status-publish","hentry"],"_links":{"self":[{"href":"https:\/\/www.cimasrl.it\/es\/wp-json\/wp\/v2\/pages\/4084","targetHints":{"allow":["GET"]}}],"collection":[{"href":"https:\/\/www.cimasrl.it\/es\/wp-json\/wp\/v2\/pages"}],"about":[{"href":"https:\/\/www.cimasrl.it\/es\/wp-json\/wp\/v2\/types\/page"}],"author":[{"embeddable":true,"href":"https:\/\/www.cimasrl.it\/es\/wp-json\/wp\/v2\/users\/1"}],"replies":[{"embeddable":true,"href":"https:\/\/www.cimasrl.it\/es\/wp-json\/wp\/v2\/comments?post=4084"}],"version-history":[{"count":5,"href":"https:\/\/www.cimasrl.it\/es\/wp-json\/wp\/v2\/pages\/4084\/revisions"}],"predecessor-version":[{"id":4673,"href":"https:\/\/www.cimasrl.it\/es\/wp-json\/wp\/v2\/pages\/4084\/revisions\/4673"}],"wp:attachment":[{"href":"https:\/\/www.cimasrl.it\/es\/wp-json\/wp\/v2\/media?parent=4084"}],"curies":[{"name":"wp","href":"https:\/\/api.w.org\/{rel}","templated":true}]}}