{"id":4117,"date":"2022-06-27T09:52:16","date_gmt":"2022-06-27T09:52:16","guid":{"rendered":"https:\/\/www.cimasrl.it\/contatti\/"},"modified":"2022-08-31T13:11:21","modified_gmt":"2022-08-31T13:11:21","slug":"contactos","status":"publish","type":"page","link":"https:\/\/www.cimasrl.it\/es\/contactos\/","title":{"rendered":"Contactos"},"content":{"rendered":"\t\t<div data-elementor-type=\"wp-page\" data-elementor-id=\"4117\" class=\"elementor elementor-4117 elementor-1607\" data-elementor-post-type=\"page\">\n\t\t\t\t\t\t<section class=\"elementor-section elementor-top-section elementor-element elementor-element-07d9df0 elementor-hidden-mobile elementor-section-boxed elementor-section-height-default elementor-section-height-default\" data-id=\"07d9df0\" data-element_type=\"section\" data-e-type=\"section\" data-settings=\"{&quot;background_background&quot;:&quot;gradient&quot;}\">\n\t\t\t\t\t\t<div class=\"elementor-container elementor-column-gap-default\">\n\t\t\t\t\t<div class=\"elementor-column elementor-col-50 elementor-top-column elementor-element elementor-element-7a95102\" data-id=\"7a95102\" data-element_type=\"column\" data-e-type=\"column\">\n\t\t\t<div class=\"elementor-widget-wrap elementor-element-populated\">\n\t\t\t\t\t\t<div class=\"elementor-element elementor-element-654110b elementor-widget elementor-widget-heading\" data-id=\"654110b\" data-element_type=\"widget\" data-e-type=\"widget\" data-widget_type=\"heading.default\">\n\t\t\t\t<div class=\"elementor-widget-container\">\n\t\t\t\t\t<h1 class=\"elementor-heading-title elementor-size-default\">Cont\u00e1ctanos<\/h1>\t\t\t\t<\/div>\n\t\t\t\t<\/div>\n\t\t\t\t<div class=\"elementor-element elementor-element-94a1790 elementor-widget elementor-widget-heading\" data-id=\"94a1790\" data-element_type=\"widget\" data-e-type=\"widget\" data-widget_type=\"heading.default\">\n\t\t\t\t<div class=\"elementor-widget-container\">\n\t\t\t\t\t<h2 class=\"elementor-heading-title elementor-size-default\">para recibir<br>\ninformaci\u00f3n<\/h2>\t\t\t\t<\/div>\n\t\t\t\t<\/div>\n\t\t\t\t<div class=\"elementor-element elementor-element-1e082a2 elementor-widget elementor-widget-text-editor\" data-id=\"1e082a2\" data-element_type=\"widget\" data-e-type=\"widget\" data-widget_type=\"text-editor.default\">\n\t\t\t\t<div class=\"elementor-widget-container\">\n\t\t\t\t\t\t\t\t\t<p>Para cualquier cuesti\u00f3n:<\/p><p><strong>Cima srl<br \/><\/strong>Via Gambellara, 36 <br \/>40026 Imola<br \/>BO<\/p><p>n\u00b0 iva: 00605681204<br \/>c.f.: 03229690379<\/p><p>email: <a href=\"mailto:cima@cimasrl.it\">cima@cimasrl.it<\/a><br \/>tel\u00e9fono: 0542 640404<br \/>fax: 0542 641973<\/p><p><a href=\"https:\/\/www.linkedin.com\/company\/linkedin-cima-impianti\/\" target=\"_blank\" rel=\"noopener\">LinkedIn<\/a><\/p>\t\t\t\t\t\t\t\t<\/div>\n\t\t\t\t<\/div>\n\t\t\t\t\t<\/div>\n\t\t<\/div>\n\t\t\t\t<div class=\"elementor-column elementor-col-50 elementor-top-column elementor-element elementor-element-d194021\" data-id=\"d194021\" data-element_type=\"column\" data-e-type=\"column\">\n\t\t\t<div class=\"elementor-widget-wrap elementor-element-populated\">\n\t\t\t\t\t\t<div class=\"elementor-element elementor-element-0011805 elementor-widget elementor-widget-heading\" data-id=\"0011805\" data-element_type=\"widget\" data-e-type=\"widget\" data-widget_type=\"heading.default\">\n\t\t\t\t<div class=\"elementor-widget-container\">\n\t\t\t\t\t<h3 class=\"elementor-heading-title elementor-size-default\">Solicita informaci\u00f3n<\/h3>\t\t\t\t<\/div>\n\t\t\t\t<\/div>\n\t\t\t\t<div class=\"elementor-element elementor-element-96ee7ab elementor-widget elementor-widget-shortcode\" data-id=\"96ee7ab\" data-element_type=\"widget\" data-e-type=\"widget\" data-widget_type=\"shortcode.default\">\n\t\t\t\t<div class=\"elementor-widget-container\">\n\t\t\t\t\t\t\t<div class=\"elementor-shortcode\"><div class=\"forminator-ui forminator-custom-form forminator-custom-form-4130 forminator-design--material  forminator_ajax\" data-forminator-render=\"0\" data-form=\"forminator-module-4130\" data-uid=\"69fb2323205c4\"><br\/><\/div><form\r\n\t\t\t\tid=\"forminator-module-4130\"\r\n\t\t\t\tclass=\"forminator-ui forminator-custom-form forminator-custom-form-4130 forminator-design--material  forminator_ajax\"\r\n\t\t\t\tmethod=\"post\"\r\n\t\t\t\tdata-forminator-render=\"0\"\r\n\t\t\t\tdata-form-id=\"4130\"\r\n\t\t\t\t data-color-option=\"default\" data-design=\"material\" data-grid=\"open\" style=\"display: none;\"\r\n\t\t\t\tdata-uid=\"69fb2323205c4\"\r\n\t\t\t><div role=\"alert\" aria-live=\"polite\" class=\"forminator-response-message forminator-error\" aria-hidden=\"true\"><\/div><div class=\"forminator-row\"><div id=\"name-1\" class=\"forminator-field-name forminator-col forminator-col-12 \"><div class=\"forminator-field\"><label for=\"forminator-field-name-1_69fb2323205c4\" id=\"forminator-field-name-1_69fb2323205c4-label\" class=\"forminator-label\">Nombre - Apellidos<\/label><input type=\"text\" name=\"name-1\" value=\"\" placeholder=\"\" id=\"forminator-field-name-1_69fb2323205c4\" class=\"forminator-input forminator-name--field\" aria-required=\"false\" autocomplete=\"name\" \/><\/div><\/div><\/div><div class=\"forminator-row\"><div id=\"email-1\" class=\"forminator-field-email forminator-col forminator-col-12 \"><div class=\"forminator-field\"><label for=\"forminator-field-email-1_69fb2323205c4\" id=\"forminator-field-email-1_69fb2323205c4-label\" class=\"forminator-label\">Correo electr\u00f3nico <span class=\"forminator-required\">*<\/span><\/label><input type=\"email\" name=\"email-1\" value=\"\" placeholder=\"\" id=\"forminator-field-email-1_69fb2323205c4\" class=\"forminator-input forminator-email--field\" data-required=\"1\" aria-required=\"true\" autocomplete=\"email\" \/><\/div><\/div><\/div><div class=\"forminator-row\"><div id=\"phone-1\" class=\"forminator-field-phone forminator-col forminator-col-12 \"><div class=\"forminator-field\"><label for=\"forminator-field-phone-1_69fb2323205c4\" id=\"forminator-field-phone-1_69fb2323205c4-label\" class=\"forminator-label\">Tel\u00e9fono<\/label><input type=\"text\" name=\"phone-1\" value=\"\" placeholder=\"\" id=\"forminator-field-phone-1_69fb2323205c4\" class=\"forminator-input forminator-field--phone\" data-required=\"\" aria-required=\"false\" autocomplete=\"off\" \/><\/div><\/div><\/div><div class=\"forminator-row\"><div id=\"checkbox-1\" class=\"forminator-field-checkbox forminator-col forminator-col-12 \"><div role=\"group\" class=\"forminator-field\" aria-labelledby=\"forminator-checkbox-group-forminator-field-checkbox-1-69fb2323205c4-label\"><span id=\"forminator-checkbox-group-forminator-field-checkbox-1-69fb2323205c4-label\" class=\"forminator-label\">Estoy interesado en<\/span><label id=\"forminator-field-checkbox-1-1-69fb2323205c4-label\" for=\"forminator-field-checkbox-1-1-69fb2323205c4\" class=\"forminator-checkbox\" title=\"Caballetes\"><input type=\"checkbox\" name=\"checkbox-1[]\" value=\"Caballetes\" id=\"forminator-field-checkbox-1-1-69fb2323205c4\" aria-labelledby=\"forminator-field-checkbox-1-1-69fb2323205c4-label\" data-calculation=\"0\"  \/><span class=\"forminator-checkbox-box\" aria-hidden=\"true\"><\/span><span class=\"forminator-checkbox-label\">Caballetes<\/span><\/label><label id=\"forminator-field-checkbox-1-2-69fb2323205c4-label\" for=\"forminator-field-checkbox-1-2-69fb2323205c4\" class=\"forminator-checkbox\" title=\"Cajas galvanizadas\"><input type=\"checkbox\" name=\"checkbox-1[]\" value=\"Cajas-galvanizadas\" id=\"forminator-field-checkbox-1-2-69fb2323205c4\" aria-labelledby=\"forminator-field-checkbox-1-2-69fb2323205c4-label\" data-calculation=\"0\"  \/><span class=\"forminator-checkbox-box\" aria-hidden=\"true\"><\/span><span class=\"forminator-checkbox-label\">Cajas galvanizadas<\/span><\/label><label id=\"forminator-field-checkbox-1-3-69fb2323205c4-label\" for=\"forminator-field-checkbox-1-3-69fb2323205c4\" class=\"forminator-checkbox\" title=\"Caja de almacenamiento\"><input type=\"checkbox\" name=\"checkbox-1[]\" value=\"Caja-de-almacenamiento\" id=\"forminator-field-checkbox-1-3-69fb2323205c4\" aria-labelledby=\"forminator-field-checkbox-1-3-69fb2323205c4-label\" data-calculation=\"0\"  \/><span class=\"forminator-checkbox-box\" aria-hidden=\"true\"><\/span><span class=\"forminator-checkbox-label\">Caja de almacenamiento<\/span><\/label><label id=\"forminator-field-checkbox-1-4-69fb2323205c4-label\" for=\"forminator-field-checkbox-1-4-69fb2323205c4\" class=\"forminator-checkbox\" title=\"Rodillos\"><input type=\"checkbox\" name=\"checkbox-1[]\" value=\"Rodillos\" id=\"forminator-field-checkbox-1-4-69fb2323205c4\" aria-labelledby=\"forminator-field-checkbox-1-4-69fb2323205c4-label\" data-calculation=\"0\"  \/><span class=\"forminator-checkbox-box\" aria-hidden=\"true\"><\/span><span class=\"forminator-checkbox-label\">Rodillos<\/span><\/label><\/div><\/div><\/div><div class=\"forminator-row\"><div id=\"textarea-1\" class=\"forminator-field-textarea forminator-col forminator-col-12 \"><div class=\"forminator-field\"><label for=\"forminator-field-textarea-1_69fb2323205c4\" id=\"forminator-field-textarea-1_69fb2323205c4-label\" class=\"forminator-label\">Mensaje<\/label><textarea name=\"textarea-1\" placeholder=\"\" id=\"forminator-field-textarea-1_69fb2323205c4\" class=\"forminator-textarea\" rows=\"6\" style=\"--forminator-textarea-min-height:140px;\" maxlength=\"400\" ><\/textarea><span id=\"forminator-field-textarea-1_69fb2323205c4-description\" class=\"forminator-description\"><span data-limit=\"400\" data-type=\"characters\" data-editor=\"\">0 \/ 400<\/span><\/span><\/div><\/div><\/div><div class=\"forminator-row\"><div id=\"consent-1\" class=\"forminator-field-consent forminator-col forminator-col-12 \"><div class=\"forminator-field\"><label for=\"forminator-field-consent-1_69fb2323205c4\" id=\"forminator-field-consent-1_69fb2323205c4-label\" class=\"forminator-label\">Pol\u00edtica de privacidad <span class=\"forminator-required\">*<\/span><\/label><div class=\"forminator-checkbox__wrapper\"><label id=\"forminator-field-consent-1_69fb2323205c4__label\" class=\"forminator-checkbox forminator-consent\"><input type=\"checkbox\" name=\"consent-1\" id=\"forminator-field-consent-1_69fb2323205c4\" value=\"checked\" aria-labelledby=\"forminator-field-consent-1_69fb2323205c4-label\" aria-describedby=\"forminator-field-consent-1_69fb2323205c4__description\" data-required=\"true\" aria-required=\"true\" \/><span class=\"forminator-checkbox-box\" aria-hidden=\"true\"><\/span><\/label><div id=\"forminator-field-consent-1_69fb2323205c4__description\" class=\"forminator-checkbox__label forminator-consent__label\"><p>Declaro haber le\u00eddo la pol\u00edtica de privacidad y consiento el tratamiento de mis datos personales.<\/p><\/div><\/div><\/div><\/div><\/div><div class=\"forminator-row\" style=\"margin: 0;\"><div id=\"captcha-1\" class=\"forminator-field-captcha  forminator-col-12 \"><div class=\"forminator-captcha-left forminator-g-recaptcha recaptcha-invisible\" data-theme=\"light\" data-badge=\"bottomright\" data-sitekey=\"6LeM40wrAAAAALNkjM5k8RktBZaVZOYhH_SOlN3B\" data-size=\"invisible\"><\/div> <\/div><\/div><input type=\"hidden\" name=\"referer_url\" value=\"\" \/><div class=\"forminator-row forminator-row-last\"><div class=\"forminator-col\"><div class=\"forminator-field\"><button class=\"forminator-button forminator-button-submit\"><span>Enviar<\/span><span aria-hidden=\"true\"><\/span><\/button><\/div><\/div><\/div><input type=\"hidden\" id=\"forminator_nonce\" name=\"forminator_nonce\" value=\"a48ef54ac6\" \/><input type=\"hidden\" name=\"_wp_http_referer\" value=\"\/es\/wp-json\/wp\/v2\/pages\/4117\" \/><input type=\"hidden\" name=\"form_id\" value=\"4130\"><input type=\"hidden\" name=\"page_id\" value=\"4117\"><input type=\"hidden\" name=\"form_type\" value=\"default\"><input type=\"hidden\" name=\"current_url\" value=\"https:\/\/www.cimasrl.it\/es\/contactos\/\"><input type=\"hidden\" name=\"render_id\" value=\"0\"><input type=\"hidden\" name=\"action\" value=\"forminator_submit_form_custom-forms\"><label for=\"input_7\" class=\"forminator-hidden\" aria-hidden=\"true\">Por favor, no rellenes este campo. <input id=\"input_7\" type=\"text\" name=\"input_7\" value=\"\" autocomplete=\"off\"><\/label><\/form><\/div>\n\t\t\t\t\t\t<\/div>\n\t\t\t\t<\/div>\n\t\t\t\t\t<\/div>\n\t\t<\/div>\n\t\t\t\t\t<\/div>\n\t\t<\/section>\n\t\t\t\t<section class=\"elementor-section elementor-top-section elementor-element elementor-element-dd627a2 elementor-hidden-desktop elementor-hidden-tablet elementor-section-boxed elementor-section-height-default elementor-section-height-default\" data-id=\"dd627a2\" data-element_type=\"section\" data-e-type=\"section\">\n\t\t\t\t\t\t<div class=\"elementor-container elementor-column-gap-default\">\n\t\t\t\t\t<div class=\"elementor-column elementor-col-50 elementor-top-column elementor-element elementor-element-6ebbc1b\" data-id=\"6ebbc1b\" data-element_type=\"column\" data-e-type=\"column\" data-settings=\"{&quot;background_background&quot;:&quot;classic&quot;}\">\n\t\t\t<div class=\"elementor-widget-wrap elementor-element-populated\">\n\t\t\t\t\t\t<div class=\"elementor-element elementor-element-d8ecaed elementor-widget elementor-widget-heading\" data-id=\"d8ecaed\" data-element_type=\"widget\" data-e-type=\"widget\" data-widget_type=\"heading.default\">\n\t\t\t\t<div class=\"elementor-widget-container\">\n\t\t\t\t\t<h4 class=\"elementor-heading-title elementor-size-default\">Cont\u00e1ctanos<\/h4>\t\t\t\t<\/div>\n\t\t\t\t<\/div>\n\t\t\t\t<div class=\"elementor-element elementor-element-0722e00 elementor-widget elementor-widget-heading\" data-id=\"0722e00\" data-element_type=\"widget\" data-e-type=\"widget\" data-widget_type=\"heading.default\">\n\t\t\t\t<div class=\"elementor-widget-container\">\n\t\t\t\t\t<h5 class=\"elementor-heading-title elementor-size-default\">para recibir<br>\ninformaci\u00f3n<\/h5>\t\t\t\t<\/div>\n\t\t\t\t<\/div>\n\t\t\t\t<div class=\"elementor-element elementor-element-eb227ab elementor-widget elementor-widget-text-editor\" data-id=\"eb227ab\" data-element_type=\"widget\" data-e-type=\"widget\" data-widget_type=\"text-editor.default\">\n\t\t\t\t<div class=\"elementor-widget-container\">\n\t\t\t\t\t\t\t\t\t<p>Para cualquier cuesti\u00f3n:<\/p><p><strong>Cima srl<br \/><\/strong>Via Gambellara, 36 <br \/>40026 Imola<br \/>BO<\/p><p>n\u00b0 iva: 00605681204<br \/>c.f.: 03229690379<\/p><p>email: <a href=\"mailto:cima@cimasrl.it\">cima@cimasrl.it<\/a><br \/>tel\u00e9fono: 0542 640404<br \/>fax: 0542 641973<\/p><p><a href=\"https:\/\/www.linkedin.com\/company\/linkedin-cima-impianti\/\" target=\"_blank\" rel=\"noopener\">LinkedIn<\/a><\/p>\t\t\t\t\t\t\t\t<\/div>\n\t\t\t\t<\/div>\n\t\t\t\t\t<\/div>\n\t\t<\/div>\n\t\t\t\t<div class=\"elementor-column elementor-col-50 elementor-top-column elementor-element elementor-element-5b66acd\" data-id=\"5b66acd\" data-element_type=\"column\" data-e-type=\"column\" data-settings=\"{&quot;background_background&quot;:&quot;classic&quot;}\">\n\t\t\t<div class=\"elementor-widget-wrap elementor-element-populated\">\n\t\t\t\t\t\t<div class=\"elementor-element elementor-element-62ff23a elementor-widget elementor-widget-heading\" data-id=\"62ff23a\" data-element_type=\"widget\" data-e-type=\"widget\" data-widget_type=\"heading.default\">\n\t\t\t\t<div class=\"elementor-widget-container\">\n\t\t\t\t\t<h6 class=\"elementor-heading-title elementor-size-default\">Solicita informaci\u00f3n<\/h6>\t\t\t\t<\/div>\n\t\t\t\t<\/div>\n\t\t\t\t<div class=\"elementor-element elementor-element-94c0935 elementor-widget elementor-widget-shortcode\" data-id=\"94c0935\" data-element_type=\"widget\" data-e-type=\"widget\" data-widget_type=\"shortcode.default\">\n\t\t\t\t<div class=\"elementor-widget-container\">\n\t\t\t\t\t\t\t<div class=\"elementor-shortcode\"><div class=\"forminator-ui forminator-custom-form forminator-custom-form-4130 forminator-design--material  forminator_ajax\" data-forminator-render=\"1\" data-form=\"forminator-module-4130\" data-uid=\"69fb23232797e\"><br\/><\/div><form\r\n\t\t\t\tid=\"forminator-module-4130\"\r\n\t\t\t\tclass=\"forminator-ui forminator-custom-form forminator-custom-form-4130 forminator-design--material  forminator_ajax\"\r\n\t\t\t\tmethod=\"post\"\r\n\t\t\t\tdata-forminator-render=\"1\"\r\n\t\t\t\tdata-form-id=\"4130\"\r\n\t\t\t\t data-color-option=\"default\" data-design=\"material\" data-grid=\"open\" style=\"display: none;\"\r\n\t\t\t\tdata-uid=\"69fb23232797e\"\r\n\t\t\t><div role=\"alert\" aria-live=\"polite\" class=\"forminator-response-message forminator-error\" aria-hidden=\"true\"><\/div><div class=\"forminator-row\"><div id=\"name-1\" class=\"forminator-field-name forminator-col forminator-col-12 \"><div class=\"forminator-field\"><label for=\"forminator-field-name-1_69fb23232797e\" id=\"forminator-field-name-1_69fb23232797e-label\" class=\"forminator-label\">Nombre - Apellidos<\/label><input type=\"text\" name=\"name-1\" value=\"\" placeholder=\"\" id=\"forminator-field-name-1_69fb23232797e\" class=\"forminator-input forminator-name--field\" aria-required=\"false\" autocomplete=\"name\" \/><\/div><\/div><\/div><div class=\"forminator-row\"><div id=\"email-1\" class=\"forminator-field-email forminator-col forminator-col-12 \"><div class=\"forminator-field\"><label for=\"forminator-field-email-1_69fb23232797e\" id=\"forminator-field-email-1_69fb23232797e-label\" class=\"forminator-label\">Correo electr\u00f3nico <span class=\"forminator-required\">*<\/span><\/label><input type=\"email\" name=\"email-1\" value=\"\" placeholder=\"\" id=\"forminator-field-email-1_69fb23232797e\" class=\"forminator-input forminator-email--field\" data-required=\"1\" aria-required=\"true\" autocomplete=\"email\" \/><\/div><\/div><\/div><div class=\"forminator-row\"><div id=\"phone-1\" class=\"forminator-field-phone forminator-col forminator-col-12 \"><div class=\"forminator-field\"><label for=\"forminator-field-phone-1_69fb23232797e\" id=\"forminator-field-phone-1_69fb23232797e-label\" class=\"forminator-label\">Tel\u00e9fono<\/label><input type=\"text\" name=\"phone-1\" value=\"\" placeholder=\"\" id=\"forminator-field-phone-1_69fb23232797e\" class=\"forminator-input forminator-field--phone\" data-required=\"\" aria-required=\"false\" autocomplete=\"off\" \/><\/div><\/div><\/div><div class=\"forminator-row\"><div id=\"checkbox-1\" class=\"forminator-field-checkbox forminator-col forminator-col-12 \"><div role=\"group\" class=\"forminator-field\" aria-labelledby=\"forminator-checkbox-group-forminator-field-checkbox-1-69fb23232797e-label\"><span id=\"forminator-checkbox-group-forminator-field-checkbox-1-69fb23232797e-label\" class=\"forminator-label\">Estoy interesado en<\/span><label id=\"forminator-field-checkbox-1-1-69fb23232797e-label\" for=\"forminator-field-checkbox-1-1-69fb23232797e\" class=\"forminator-checkbox\" title=\"Caballetes\"><input type=\"checkbox\" name=\"checkbox-1[]\" value=\"Caballetes\" id=\"forminator-field-checkbox-1-1-69fb23232797e\" aria-labelledby=\"forminator-field-checkbox-1-1-69fb23232797e-label\" data-calculation=\"0\"  \/><span class=\"forminator-checkbox-box\" aria-hidden=\"true\"><\/span><span class=\"forminator-checkbox-label\">Caballetes<\/span><\/label><label id=\"forminator-field-checkbox-1-2-69fb23232797e-label\" for=\"forminator-field-checkbox-1-2-69fb23232797e\" class=\"forminator-checkbox\" title=\"Cajas galvanizadas\"><input type=\"checkbox\" name=\"checkbox-1[]\" value=\"Cajas-galvanizadas\" id=\"forminator-field-checkbox-1-2-69fb23232797e\" aria-labelledby=\"forminator-field-checkbox-1-2-69fb23232797e-label\" data-calculation=\"0\"  \/><span class=\"forminator-checkbox-box\" aria-hidden=\"true\"><\/span><span class=\"forminator-checkbox-label\">Cajas galvanizadas<\/span><\/label><label id=\"forminator-field-checkbox-1-3-69fb23232797e-label\" for=\"forminator-field-checkbox-1-3-69fb23232797e\" class=\"forminator-checkbox\" title=\"Caja de almacenamiento\"><input type=\"checkbox\" name=\"checkbox-1[]\" value=\"Caja-de-almacenamiento\" id=\"forminator-field-checkbox-1-3-69fb23232797e\" aria-labelledby=\"forminator-field-checkbox-1-3-69fb23232797e-label\" data-calculation=\"0\"  \/><span class=\"forminator-checkbox-box\" aria-hidden=\"true\"><\/span><span class=\"forminator-checkbox-label\">Caja de almacenamiento<\/span><\/label><label id=\"forminator-field-checkbox-1-4-69fb23232797e-label\" for=\"forminator-field-checkbox-1-4-69fb23232797e\" class=\"forminator-checkbox\" title=\"Rodillos\"><input type=\"checkbox\" name=\"checkbox-1[]\" value=\"Rodillos\" id=\"forminator-field-checkbox-1-4-69fb23232797e\" aria-labelledby=\"forminator-field-checkbox-1-4-69fb23232797e-label\" data-calculation=\"0\"  \/><span class=\"forminator-checkbox-box\" aria-hidden=\"true\"><\/span><span class=\"forminator-checkbox-label\">Rodillos<\/span><\/label><\/div><\/div><\/div><div class=\"forminator-row\"><div id=\"textarea-1\" class=\"forminator-field-textarea forminator-col forminator-col-12 \"><div class=\"forminator-field\"><label for=\"forminator-field-textarea-1_69fb23232797e\" id=\"forminator-field-textarea-1_69fb23232797e-label\" class=\"forminator-label\">Mensaje<\/label><textarea name=\"textarea-1\" placeholder=\"\" id=\"forminator-field-textarea-1_69fb23232797e\" class=\"forminator-textarea\" rows=\"6\" style=\"--forminator-textarea-min-height:140px;\" maxlength=\"400\" ><\/textarea><span id=\"forminator-field-textarea-1_69fb23232797e-description\" class=\"forminator-description\"><span data-limit=\"400\" data-type=\"characters\" data-editor=\"\">0 \/ 400<\/span><\/span><\/div><\/div><\/div><div class=\"forminator-row\"><div id=\"consent-1\" class=\"forminator-field-consent forminator-col forminator-col-12 \"><div class=\"forminator-field\"><label for=\"forminator-field-consent-1_69fb23232797e\" id=\"forminator-field-consent-1_69fb23232797e-label\" class=\"forminator-label\">Pol\u00edtica de privacidad <span class=\"forminator-required\">*<\/span><\/label><div class=\"forminator-checkbox__wrapper\"><label id=\"forminator-field-consent-1_69fb23232797e__label\" class=\"forminator-checkbox forminator-consent\"><input type=\"checkbox\" name=\"consent-1\" id=\"forminator-field-consent-1_69fb23232797e\" value=\"checked\" aria-labelledby=\"forminator-field-consent-1_69fb23232797e-label\" aria-describedby=\"forminator-field-consent-1_69fb23232797e__description\" data-required=\"true\" aria-required=\"true\" \/><span class=\"forminator-checkbox-box\" aria-hidden=\"true\"><\/span><\/label><div id=\"forminator-field-consent-1_69fb23232797e__description\" class=\"forminator-checkbox__label forminator-consent__label\"><p>Declaro haber le\u00eddo la pol\u00edtica de privacidad y consiento el tratamiento de mis datos personales.<\/p><\/div><\/div><\/div><\/div><\/div><div class=\"forminator-row\" style=\"margin: 0;\"><div id=\"captcha-1\" class=\"forminator-field-captcha  forminator-col-12 \"><div class=\"forminator-captcha-left forminator-g-recaptcha recaptcha-invisible\" data-theme=\"light\" data-badge=\"bottomright\" data-sitekey=\"6LeM40wrAAAAALNkjM5k8RktBZaVZOYhH_SOlN3B\" data-size=\"invisible\"><\/div> <\/div><\/div><input type=\"hidden\" name=\"referer_url\" value=\"\" \/><div class=\"forminator-row forminator-row-last\"><div class=\"forminator-col\"><div class=\"forminator-field\"><button class=\"forminator-button forminator-button-submit\"><span>Enviar<\/span><span aria-hidden=\"true\"><\/span><\/button><\/div><\/div><\/div><input type=\"hidden\" id=\"forminator_nonce\" name=\"forminator_nonce\" value=\"a48ef54ac6\" \/><input type=\"hidden\" name=\"_wp_http_referer\" value=\"\/es\/wp-json\/wp\/v2\/pages\/4117\" \/><input type=\"hidden\" name=\"form_id\" value=\"4130\"><input type=\"hidden\" name=\"page_id\" value=\"4117\"><input type=\"hidden\" name=\"form_type\" value=\"default\"><input type=\"hidden\" name=\"current_url\" value=\"https:\/\/www.cimasrl.it\/es\/contactos\/\"><input type=\"hidden\" name=\"render_id\" value=\"1\"><input type=\"hidden\" name=\"action\" value=\"forminator_submit_form_custom-forms\"><label for=\"input_7\" class=\"forminator-hidden\" aria-hidden=\"true\">Por favor, no rellenes este campo. <input id=\"input_7\" type=\"text\" name=\"input_7\" value=\"\" autocomplete=\"off\"><\/label><label for=\"input_7\" class=\"forminator-hidden\" aria-hidden=\"true\">Por favor, no rellenes este campo. <input id=\"input_7\" type=\"text\" name=\"input_7\" value=\"\" autocomplete=\"off\"><\/label><\/form><\/div>\n\t\t\t\t\t\t<\/div>\n\t\t\t\t<\/div>\n\t\t\t\t\t<\/div>\n\t\t<\/div>\n\t\t\t\t\t<\/div>\n\t\t<\/section>\n\t\t\t\t<\/div>\n\t\t","protected":false},"excerpt":{"rendered":"<p>Cont\u00e1ctanos para recibir informaci\u00f3n Para cualquier cuesti\u00f3n: Cima srlVia Gambellara, 36 40026 ImolaBO n\u00b0 iva: 00605681204c.f.: 03229690379 email: cima@cimasrl.ittel\u00e9fono: 0542 640404fax: 0542 641973 LinkedIn Solicita informaci\u00f3n Cont\u00e1ctanos para recibir informaci\u00f3n Para cualquier cuesti\u00f3n: Cima srlVia Gambellara, 36 40026 ImolaBO n\u00b0 iva: 00605681204c.f.: 03229690379 email: cima@cimasrl.ittel\u00e9fono: 0542 640404fax: 0542 641973 LinkedIn Solicita informaci\u00f3n<\/p>\n","protected":false},"author":1,"featured_media":0,"parent":0,"menu_order":0,"comment_status":"closed","ping_status":"closed","template":"","meta":{"footnotes":""},"class_list":["post-4117","page","type-page","status-publish","hentry"],"_links":{"self":[{"href":"https:\/\/www.cimasrl.it\/es\/wp-json\/wp\/v2\/pages\/4117","targetHints":{"allow":["GET"]}}],"collection":[{"href":"https:\/\/www.cimasrl.it\/es\/wp-json\/wp\/v2\/pages"}],"about":[{"href":"https:\/\/www.cimasrl.it\/es\/wp-json\/wp\/v2\/types\/page"}],"author":[{"embeddable":true,"href":"https:\/\/www.cimasrl.it\/es\/wp-json\/wp\/v2\/users\/1"}],"replies":[{"embeddable":true,"href":"https:\/\/www.cimasrl.it\/es\/wp-json\/wp\/v2\/comments?post=4117"}],"version-history":[{"count":5,"href":"https:\/\/www.cimasrl.it\/es\/wp-json\/wp\/v2\/pages\/4117\/revisions"}],"predecessor-version":[{"id":4560,"href":"https:\/\/www.cimasrl.it\/es\/wp-json\/wp\/v2\/pages\/4117\/revisions\/4560"}],"wp:attachment":[{"href":"https:\/\/www.cimasrl.it\/es\/wp-json\/wp\/v2\/media?parent=4117"}],"curies":[{"name":"wp","href":"https:\/\/api.w.org\/{rel}","templated":true}]}}