{"id":3804,"date":"2022-06-29T15:55:15","date_gmt":"2022-06-29T15:55:15","guid":{"rendered":"https:\/\/www.cimasrl.it\/casse-zincate\/"},"modified":"2022-09-08T07:52:27","modified_gmt":"2022-09-08T07:52:27","slug":"caisses-zinguees","status":"publish","type":"page","link":"https:\/\/www.cimasrl.it\/fr\/caisses-zinguees\/","title":{"rendered":"Caisses zingu\u00e9es"},"content":{"rendered":"\t\t<div data-elementor-type=\"wp-page\" data-elementor-id=\"3804\" class=\"elementor elementor-3804 elementor-2055\" data-elementor-post-type=\"page\">\n\t\t\t\t\t\t<section class=\"elementor-section elementor-top-section elementor-element elementor-element-41a357cc elementor-section-height-min-height elementor-section-items-stretch elementor-section-boxed elementor-section-height-default\" data-id=\"41a357cc\" data-element_type=\"section\" data-e-type=\"section\" data-settings=\"{&quot;background_background&quot;:&quot;classic&quot;}\">\n\t\t\t\t\t\t<div class=\"elementor-container elementor-column-gap-default\">\n\t\t\t\t\t<div class=\"elementor-column elementor-col-50 elementor-top-column elementor-element elementor-element-47726888\" data-id=\"47726888\" data-element_type=\"column\" data-e-type=\"column\">\n\t\t\t<div class=\"elementor-widget-wrap elementor-element-populated\">\n\t\t\t\t\t\t<div class=\"elementor-element elementor-element-213984cc elementor-widget elementor-widget-heading\" data-id=\"213984cc\" data-element_type=\"widget\" data-e-type=\"widget\" data-widget_type=\"heading.default\">\n\t\t\t\t<div class=\"elementor-widget-container\">\n\t\t\t\t\t<h1 class=\"elementor-heading-title elementor-size-default\">Caisses<\/h1>\t\t\t\t<\/div>\n\t\t\t\t<\/div>\n\t\t\t\t<div class=\"elementor-element elementor-element-3c7439e1 elementor-widget elementor-widget-heading\" data-id=\"3c7439e1\" data-element_type=\"widget\" data-e-type=\"widget\" data-widget_type=\"heading.default\">\n\t\t\t\t<div class=\"elementor-widget-container\">\n\t\t\t\t\t<h2 class=\"elementor-heading-title elementor-size-default\">zingu\u00e9es<\/h2>\t\t\t\t<\/div>\n\t\t\t\t<\/div>\n\t\t\t\t<div class=\"elementor-element elementor-element-dccfaf7 elementor-widget elementor-widget-text-editor\" data-id=\"dccfaf7\" data-element_type=\"widget\" data-e-type=\"widget\" data-widget_type=\"text-editor.default\">\n\t\t\t\t<div class=\"elementor-widget-container\">\n\t\t\t\t\t\t\t\t\t<p>Nous concevons et r\u00e9alisons des caisses zingu\u00e9es pour accueillir, emballer, stocker, manutentionner et transporter des dalles en c\u00e9ramique, de toute forme et dimension.<\/p>\t\t\t\t\t\t\t\t<\/div>\n\t\t\t\t<\/div>\n\t\t\t\t<div class=\"elementor-element elementor-element-32331de1 elementor-widget elementor-widget-button\" data-id=\"32331de1\" data-element_type=\"widget\" data-e-type=\"widget\" data-widget_type=\"button.default\">\n\t\t\t\t<div class=\"elementor-widget-container\">\n\t\t\t\t\t\t\t\t\t<div class=\"elementor-button-wrapper\">\n\t\t\t\t\t<a class=\"elementor-button elementor-button-link elementor-size-sm\" href=\"https:\/\/www.cimasrl.it\/fr\/contacts\/\">\n\t\t\t\t\t\t<span class=\"elementor-button-content-wrapper\">\n\t\t\t\t\t\t<span class=\"elementor-button-icon\">\n\t\t\t\t<svg aria-hidden=\"true\" class=\"e-font-icon-svg e-fas-angle-right\" viewBox=\"0 0 256 512\" xmlns=\"http:\/\/www.w3.org\/2000\/svg\"><path d=\"M224.3 273l-136 136c-9.4 9.4-24.6 9.4-33.9 0l-22.6-22.6c-9.4-9.4-9.4-24.6 0-33.9l96.4-96.4-96.4-96.4c-9.4-9.4-9.4-24.6 0-33.9L54.3 103c9.4-9.4 24.6-9.4 33.9 0l136 136c9.5 9.4 9.5 24.6.1 34z\"><\/path><\/svg>\t\t\t<\/span>\n\t\t\t\t\t\t\t\t\t<span class=\"elementor-button-text\">Acheter<\/span>\n\t\t\t\t\t<\/span>\n\t\t\t\t\t<\/a>\n\t\t\t\t<\/div>\n\t\t\t\t\t\t\t\t<\/div>\n\t\t\t\t<\/div>\n\t\t\t\t<div class=\"elementor-element elementor-element-4d9e8ad6 elementor-widget elementor-widget-button\" data-id=\"4d9e8ad6\" data-element_type=\"widget\" data-e-type=\"widget\" data-widget_type=\"button.default\">\n\t\t\t\t<div class=\"elementor-widget-container\">\n\t\t\t\t\t\t\t\t\t<div class=\"elementor-button-wrapper\">\n\t\t\t\t\t<a class=\"elementor-button elementor-button-link elementor-size-sm\" href=\"#elementor-action%3Aaction%3Dpopup%3Aopen%26settings%3DeyJpZCI6MzMwMCwidG9nZ2xlIjpmYWxzZX0%3D\">\n\t\t\t\t\t\t<span class=\"elementor-button-content-wrapper\">\n\t\t\t\t\t\t<span class=\"elementor-button-icon\">\n\t\t\t\t<svg aria-hidden=\"true\" class=\"e-font-icon-svg e-fas-angle-right\" viewBox=\"0 0 256 512\" xmlns=\"http:\/\/www.w3.org\/2000\/svg\"><path d=\"M224.3 273l-136 136c-9.4 9.4-24.6 9.4-33.9 0l-22.6-22.6c-9.4-9.4-9.4-24.6 0-33.9l96.4-96.4-96.4-96.4c-9.4-9.4-9.4-24.6 0-33.9L54.3 103c9.4-9.4 24.6-9.4 33.9 0l136 136c9.5 9.4 9.5 24.6.1 34z\"><\/path><\/svg>\t\t\t<\/span>\n\t\t\t\t\t\t\t\t\t<span class=\"elementor-button-text\">Vid\u00e9o<\/span>\n\t\t\t\t\t<\/span>\n\t\t\t\t\t<\/a>\n\t\t\t\t<\/div>\n\t\t\t\t\t\t\t\t<\/div>\n\t\t\t\t<\/div>\n\t\t\t\t<div class=\"elementor-element elementor-element-1c0df752 elementor-widget elementor-widget-button\" data-id=\"1c0df752\" data-element_type=\"widget\" data-e-type=\"widget\" data-widget_type=\"button.default\">\n\t\t\t\t<div class=\"elementor-widget-container\">\n\t\t\t\t\t\t\t\t\t<div class=\"elementor-button-wrapper\">\n\t\t\t\t\t<a class=\"elementor-button elementor-button-link elementor-size-sm\" href=\"#3d\">\n\t\t\t\t\t\t<span class=\"elementor-button-content-wrapper\">\n\t\t\t\t\t\t<span class=\"elementor-button-icon\">\n\t\t\t\t<svg aria-hidden=\"true\" class=\"e-font-icon-svg e-fas-angle-right\" viewBox=\"0 0 256 512\" xmlns=\"http:\/\/www.w3.org\/2000\/svg\"><path d=\"M224.3 273l-136 136c-9.4 9.4-24.6 9.4-33.9 0l-22.6-22.6c-9.4-9.4-9.4-24.6 0-33.9l96.4-96.4-96.4-96.4c-9.4-9.4-9.4-24.6 0-33.9L54.3 103c9.4-9.4 24.6-9.4 33.9 0l136 136c9.5 9.4 9.5 24.6.1 34z\"><\/path><\/svg>\t\t\t<\/span>\n\t\t\t\t\t\t\t\t\t<span class=\"elementor-button-text\">Mod\u00e8le 3D<\/span>\n\t\t\t\t\t<\/span>\n\t\t\t\t\t<\/a>\n\t\t\t\t<\/div>\n\t\t\t\t\t\t\t\t<\/div>\n\t\t\t\t<\/div>\n\t\t\t\t\t<\/div>\n\t\t<\/div>\n\t\t\t\t<div class=\"elementor-column elementor-col-50 elementor-top-column elementor-element elementor-element-12589159\" data-id=\"12589159\" data-element_type=\"column\" data-e-type=\"column\" data-settings=\"{&quot;background_background&quot;:&quot;classic&quot;}\">\n\t\t\t<div class=\"elementor-widget-wrap elementor-element-populated\">\n\t\t\t\t\t\t<div class=\"elementor-element elementor-element-722cbd3 elementor-widget elementor-widget-image-carousel\" data-id=\"722cbd3\" data-element_type=\"widget\" data-e-type=\"widget\" data-settings=\"{&quot;slides_to_show&quot;:&quot;1&quot;,&quot;navigation&quot;:&quot;none&quot;,&quot;motion_fx_motion_fx_scrolling&quot;:&quot;yes&quot;,&quot;motion_fx_translateY_effect&quot;:&quot;yes&quot;,&quot;motion_fx_translateY_direction&quot;:&quot;negative&quot;,&quot;motion_fx_translateY_affectedRange&quot;:{&quot;unit&quot;:&quot;%&quot;,&quot;size&quot;:&quot;&quot;,&quot;sizes&quot;:{&quot;start&quot;:0,&quot;end&quot;:80}},&quot;motion_fx_devices&quot;:[&quot;desktop&quot;],&quot;autoplay&quot;:&quot;yes&quot;,&quot;pause_on_hover&quot;:&quot;yes&quot;,&quot;pause_on_interaction&quot;:&quot;yes&quot;,&quot;autoplay_speed&quot;:5000,&quot;infinite&quot;:&quot;yes&quot;,&quot;effect&quot;:&quot;slide&quot;,&quot;speed&quot;:500,&quot;motion_fx_translateY_speed&quot;:{&quot;unit&quot;:&quot;px&quot;,&quot;size&quot;:4,&quot;sizes&quot;:[]}}\" data-widget_type=\"image-carousel.default\">\n\t\t\t\t<div class=\"elementor-widget-container\">\n\t\t\t\t\t\t\t<div class=\"elementor-image-carousel-wrapper swiper\" role=\"region\" aria-roledescription=\"carousel\" aria-label=\"Carrousel d\u2019images\" dir=\"ltr\">\n\t\t\t<div class=\"elementor-image-carousel swiper-wrapper\" aria-live=\"off\">\n\t\t\t\t\t\t\t\t<div class=\"swiper-slide\" role=\"group\" aria-roledescription=\"slide\" aria-label=\"1 sur 4\"><a data-elementor-open-lightbox=\"yes\" data-elementor-lightbox-slideshow=\"722cbd3\" data-elementor-lightbox-title=\"Cassa zincata singola per lastre ceramiche\" data-elementor-lightbox-description=\"Cima Srl\" data-e-action-hash=\"#elementor-action%3Aaction%3Dlightbox%26settings%3DeyJpZCI6MzczNiwidXJsIjoiaHR0cHM6XC9cL3d3dy5jaW1hc3JsLml0XC93cC1jb250ZW50XC91cGxvYWRzXC8yMDIyXC8wOFwvY2Fzc2UtemluY2F0ZS1waWFzdHJlbGxlLWNlcmFtaWNoZS1jaW1hLXNybC0wMS5qcGciLCJzbGlkZXNob3ciOiI3MjJjYmQzIn0%3D\" href=\"https:\/\/www.cimasrl.it\/wp-content\/uploads\/2022\/08\/casse-zincate-piastrelle-ceramiche-cima-srl-01.jpg\"><figure class=\"swiper-slide-inner\"><img decoding=\"async\" class=\"swiper-slide-image\" src=\"https:\/\/www.cimasrl.it\/wp-content\/uploads\/elementor\/thumbs\/casse-zincate-piastrelle-ceramiche-cima-srl-01-pt3xz50om8jxla8bj09voufjbzsqbu6jm9s1ttmk9c.jpg\" alt=\"Cassa zincata singola per lastre ceramiche\" \/><\/figure><\/a><\/div><div class=\"swiper-slide\" role=\"group\" aria-roledescription=\"slide\" aria-label=\"2 sur 4\"><a data-elementor-open-lightbox=\"yes\" data-elementor-lightbox-slideshow=\"722cbd3\" data-elementor-lightbox-title=\"Casse zincate impilabili per lastre ceramiche\" data-elementor-lightbox-description=\"Cima Srl\" data-e-action-hash=\"#elementor-action%3Aaction%3Dlightbox%26settings%3DeyJpZCI6MzczNywidXJsIjoiaHR0cHM6XC9cL3d3dy5jaW1hc3JsLml0XC93cC1jb250ZW50XC91cGxvYWRzXC8yMDIyXC8wOFwvY2Fzc2UtemluY2F0ZS1waWFzdHJlbGxlLWNlcmFtaWNoZS1jaW1hLXNybC0wMi5qcGciLCJzbGlkZXNob3ciOiI3MjJjYmQzIn0%3D\" href=\"https:\/\/www.cimasrl.it\/wp-content\/uploads\/2022\/08\/casse-zincate-piastrelle-ceramiche-cima-srl-02.jpg\"><figure class=\"swiper-slide-inner\"><img decoding=\"async\" class=\"swiper-slide-image\" src=\"https:\/\/www.cimasrl.it\/wp-content\/uploads\/elementor\/thumbs\/casse-zincate-piastrelle-ceramiche-cima-srl-02-pt3xz5yit2l7ww6ydioi9c6zxdo3jja9yefjb3l634.jpg\" alt=\"Casse zincate impilabili per lastre ceramiche\" \/><\/figure><\/a><\/div><div class=\"swiper-slide\" role=\"group\" aria-roledescription=\"slide\" aria-label=\"3 sur 4\"><a data-elementor-open-lightbox=\"yes\" data-elementor-lightbox-slideshow=\"722cbd3\" data-elementor-lightbox-title=\"Casse zincate impilabili per lastre ceramiche\" data-elementor-lightbox-description=\"Cima Srl\" data-e-action-hash=\"#elementor-action%3Aaction%3Dlightbox%26settings%3DeyJpZCI6MzczOCwidXJsIjoiaHR0cHM6XC9cL3d3dy5jaW1hc3JsLml0XC93cC1jb250ZW50XC91cGxvYWRzXC8yMDIyXC8wOFwvY2Fzc2UtemluY2F0ZS1waWFzdHJlbGxlLWNlcmFtaWNoZS1jaW1hLXNybC0wMy5qcGciLCJzbGlkZXNob3ciOiI3MjJjYmQzIn0%3D\" href=\"https:\/\/www.cimasrl.it\/wp-content\/uploads\/2022\/08\/casse-zincate-piastrelle-ceramiche-cima-srl-03.jpg\"><figure class=\"swiper-slide-inner\"><img decoding=\"async\" class=\"swiper-slide-image\" src=\"https:\/\/www.cimasrl.it\/wp-content\/uploads\/elementor\/thumbs\/casse-zincate-piastrelle-ceramiche-cima-srl-03-pt3xz7u76qnsk4482jhrebpx45etyxhqmnqi9nidqo.jpg\" alt=\"Casse zincate impilabili per lastre ceramiche\" \/><\/figure><\/a><\/div><div class=\"swiper-slide\" role=\"group\" aria-roledescription=\"slide\" aria-label=\"4 sur 4\"><a data-elementor-open-lightbox=\"yes\" data-elementor-lightbox-slideshow=\"722cbd3\" data-elementor-lightbox-title=\"Casse zincate impilabili per lastre ceramiche\" data-elementor-lightbox-description=\"Cima Srl\" data-e-action-hash=\"#elementor-action%3Aaction%3Dlightbox%26settings%3DeyJpZCI6MzczOSwidXJsIjoiaHR0cHM6XC9cL3d3dy5jaW1hc3JsLml0XC93cC1jb250ZW50XC91cGxvYWRzXC8yMDIyXC8wOFwvY2Fzc2UtemluY2F0ZS1waWFzdHJlbGxlLWNlcmFtaWNoZS1jaW1hLXNybC0wNC5qcGciLCJzbGlkZXNob3ciOiI3MjJjYmQzIn0%3D\" href=\"https:\/\/www.cimasrl.it\/wp-content\/uploads\/2022\/08\/casse-zincate-piastrelle-ceramiche-cima-srl-04.jpg\"><figure class=\"swiper-slide-inner\"><img decoding=\"async\" class=\"swiper-slide-image\" src=\"https:\/\/www.cimasrl.it\/wp-content\/uploads\/elementor\/thumbs\/casse-zincate-piastrelle-ceramiche-cima-srl-04-pt3xz8s1dkp2vq2ux1wdythdpja76mlgysdzqxgzkg.jpg\" alt=\"Casse zincate impilabili per lastre ceramiche\" \/><\/figure><\/a><\/div>\t\t\t<\/div>\n\t\t\t\t\t\t\t\n\t\t\t\t\t\t\t\t\t<\/div>\n\t\t\t\t\t\t<\/div>\n\t\t\t\t<\/div>\n\t\t\t\t\t<\/div>\n\t\t<\/div>\n\t\t\t\t\t<\/div>\n\t\t<\/section>\n\t\t\t\t<section class=\"elementor-section elementor-top-section elementor-element elementor-element-772e476b elementor-section-boxed elementor-section-height-default elementor-section-height-default\" data-id=\"772e476b\" data-element_type=\"section\" data-e-type=\"section\">\n\t\t\t\t\t\t<div class=\"elementor-container elementor-column-gap-default\">\n\t\t\t\t\t<div class=\"elementor-column elementor-col-100 elementor-top-column elementor-element elementor-element-27bfc3fc\" data-id=\"27bfc3fc\" data-element_type=\"column\" data-e-type=\"column\">\n\t\t\t<div class=\"elementor-widget-wrap elementor-element-populated\">\n\t\t\t\t\t\t<div class=\"elementor-element elementor-element-4149cb8b elementor-widget elementor-widget-heading\" data-id=\"4149cb8b\" data-element_type=\"widget\" data-e-type=\"widget\" data-widget_type=\"heading.default\">\n\t\t\t\t<div class=\"elementor-widget-container\">\n\t\t\t\t\t<h3 class=\"elementor-heading-title elementor-size-default\">Informations d\u00e9taill\u00e9es<\/h3>\t\t\t\t<\/div>\n\t\t\t\t<\/div>\n\t\t\t\t<div class=\"elementor-element elementor-element-6a6e154b elementor-widget elementor-widget-text-editor\" data-id=\"6a6e154b\" data-element_type=\"widget\" data-e-type=\"widget\" data-widget_type=\"text-editor.default\">\n\t\t\t\t<div class=\"elementor-widget-container\">\n\t\t\t\t\t\t\t\t\t<p>Les dalles en c\u00e9ramique grand format sont de plus en plus recherch\u00e9es et utilis\u00e9es sur le march\u00e9 des rev\u00eatements pour le b\u00e2timent. Les dimensions des dalles disponibles actuellement \u00e9tendent fortement les possibilit\u00e9s d\u2019utilisation et permettent de r\u00e9aliser des ouvrages prestigieux&nbsp;: une organisation parfaite lors du stockage, de la manutention, du transport et du d\u00e9chargement est toutefois fondamentale.<\/p>\n<p>Toutes ces op\u00e9rations d\u00e9licates s\u2019effectuaient soit avec les traditionnels plateaux en bois, ou avec les chevalets d\u2019emballage vertical.<\/p>\n<p>Mais \u00e7\u00e0, c\u2019\u00e9tait avant&nbsp;!<\/p>\n<p><b>Cima<\/b>, apr\u00e8s consultation des fabricants, a en effet con\u00e7u, d\u00e9velopp\u00e9 et brevet\u00e9 une innovante <b>caisse zingu\u00e9e<\/b> modulaire r\u00e9utilisable, qui puisse r\u00e9pondre et satisfaire toute exigence, m\u00eame pour les dalles en c\u00e9ramique grand format. R\u00e9alis\u00e9e sur mesure, la caisse zingu\u00e9e est la solution id\u00e9ale pour accueillir, emballer, stocker, manutentionner et transporter des <b>dalles en c\u00e9ramique<\/b>, <b>y compris de grand format<\/b>.<\/p>\n<p>La caisse en acier zingu\u00e9 Cima permet de pr\u00e9server le contenu, en formant une cuirasse ignifuge r\u00e9sistante aux contraintes et aux chocs. Cette particularit\u00e9 \u00e9limine le risque d\u2019incendie dans l\u2019entrep\u00f4t de stockage et dans le conteneur de transport.<\/p>\n<p>La caisse zingu\u00e9e Cima permet de transporter un plus grand nombre de dalles en conservant l\u2019espace des plateaux et chevalets courants en bois&nbsp;; la modularit\u00e9 de la caisse permet de plus de superposer et d\u2019empiler plusieurs \u00e9l\u00e9ments pour optimiser les espaces lors du transport et du d\u00e9p\u00f4t en entrep\u00f4t.<\/p>\n<p>Les dimensions r\u00e9duites et la possibilit\u00e9 de la r\u00e9utiliser pour la manutention et le transport engendrent, par rapport aux syst\u00e8mes traditionnels, un amortissement et une r\u00e9duction des co\u00fbts \u00e0 court terme.<\/p>\n<p>La caisse zingu\u00e9e Cima est atoxique, ne d\u00e9veloppe pas de microorganisme et y est r\u00e9sistante. Contrairement aux caisses, aux chevalets et aux plateaux en bois courants, ils sont enti\u00e8rement recyclables&nbsp;: un choix \u00e9cologique pour votre activit\u00e9&nbsp;!<\/p>\t\t\t\t\t\t\t\t<\/div>\n\t\t\t\t<\/div>\n\t\t\t\t<div class=\"elementor-element elementor-element-7930cf0d elementor-widget__width-auto elementor-widget elementor-widget-button\" data-id=\"7930cf0d\" data-element_type=\"widget\" data-e-type=\"widget\" data-widget_type=\"button.default\">\n\t\t\t\t<div class=\"elementor-widget-container\">\n\t\t\t\t\t\t\t\t\t<div class=\"elementor-button-wrapper\">\n\t\t\t\t\t<a class=\"elementor-button elementor-button-link elementor-size-sm\" href=\"https:\/\/www.cimasrl.it\/fr\/contacts\/\">\n\t\t\t\t\t\t<span class=\"elementor-button-content-wrapper\">\n\t\t\t\t\t\t<span class=\"elementor-button-icon\">\n\t\t\t\t<svg aria-hidden=\"true\" class=\"e-font-icon-svg e-fas-angle-right\" viewBox=\"0 0 256 512\" xmlns=\"http:\/\/www.w3.org\/2000\/svg\"><path d=\"M224.3 273l-136 136c-9.4 9.4-24.6 9.4-33.9 0l-22.6-22.6c-9.4-9.4-9.4-24.6 0-33.9l96.4-96.4-96.4-96.4c-9.4-9.4-9.4-24.6 0-33.9L54.3 103c9.4-9.4 24.6-9.4 33.9 0l136 136c9.5 9.4 9.5 24.6.1 34z\"><\/path><\/svg>\t\t\t<\/span>\n\t\t\t\t\t\t\t\t\t<span class=\"elementor-button-text\">Acheter<\/span>\n\t\t\t\t\t<\/span>\n\t\t\t\t\t<\/a>\n\t\t\t\t<\/div>\n\t\t\t\t\t\t\t\t<\/div>\n\t\t\t\t<\/div>\n\t\t\t\t<div class=\"elementor-element elementor-element-51ed9dc5 elementor-widget__width-auto elementor-widget elementor-widget-button\" data-id=\"51ed9dc5\" data-element_type=\"widget\" data-e-type=\"widget\" data-widget_type=\"button.default\">\n\t\t\t\t<div class=\"elementor-widget-container\">\n\t\t\t\t\t\t\t\t\t<div class=\"elementor-button-wrapper\">\n\t\t\t\t\t<a class=\"elementor-button elementor-button-link elementor-size-sm\" href=\"#3d\">\n\t\t\t\t\t\t<span class=\"elementor-button-content-wrapper\">\n\t\t\t\t\t\t<span class=\"elementor-button-icon\">\n\t\t\t\t<svg aria-hidden=\"true\" class=\"e-font-icon-svg e-fas-angle-right\" viewBox=\"0 0 256 512\" xmlns=\"http:\/\/www.w3.org\/2000\/svg\"><path d=\"M224.3 273l-136 136c-9.4 9.4-24.6 9.4-33.9 0l-22.6-22.6c-9.4-9.4-9.4-24.6 0-33.9l96.4-96.4-96.4-96.4c-9.4-9.4-9.4-24.6 0-33.9L54.3 103c9.4-9.4 24.6-9.4 33.9 0l136 136c9.5 9.4 9.5 24.6.1 34z\"><\/path><\/svg>\t\t\t<\/span>\n\t\t\t\t\t\t\t\t\t<span class=\"elementor-button-text\">Mod\u00e8le 3D<\/span>\n\t\t\t\t\t<\/span>\n\t\t\t\t\t<\/a>\n\t\t\t\t<\/div>\n\t\t\t\t\t\t\t\t<\/div>\n\t\t\t\t<\/div>\n\t\t\t\t\t<\/div>\n\t\t<\/div>\n\t\t\t\t\t<\/div>\n\t\t<\/section>\n\t\t\t\t<section class=\"elementor-section elementor-top-section elementor-element elementor-element-62b7eddc elementor-section-full_width elementor-section-height-default elementor-section-height-default\" data-id=\"62b7eddc\" data-element_type=\"section\" data-e-type=\"section\" id=\"3d\">\n\t\t\t\t\t\t<div class=\"elementor-container elementor-column-gap-default\">\n\t\t\t\t\t<div class=\"elementor-column elementor-col-50 elementor-top-column elementor-element elementor-element-1546b72b\" data-id=\"1546b72b\" data-element_type=\"column\" data-e-type=\"column\">\n\t\t\t<div class=\"elementor-widget-wrap elementor-element-populated\">\n\t\t\t\t\t\t<div class=\"elementor-element elementor-element-79647c42 elementor-widget elementor-widget-html\" data-id=\"79647c42\" data-element_type=\"widget\" data-e-type=\"widget\" id=\"3d\" data-widget_type=\"html.default\">\n\t\t\t\t<div class=\"elementor-widget-container\">\n\t\t\t\t\t<iframe name=\"LB\" id=\"LB\" width=\"100%\" height=\"800px\" margin=\"0px\" padding=\"0px\" scrolling=\"no\" frameborder=\"1\" src=\"https:\/\/service.vitruviovirtualmuseum.com\/cima\/casse_zincate.html\"><\/iframe>\t\t\t\t<\/div>\n\t\t\t\t<\/div>\n\t\t\t\t\t<\/div>\n\t\t<\/div>\n\t\t\t\t<div class=\"elementor-column elementor-col-50 elementor-top-column elementor-element elementor-element-bec0356\" data-id=\"bec0356\" data-element_type=\"column\" data-e-type=\"column\" data-settings=\"{&quot;background_background&quot;:&quot;classic&quot;}\">\n\t\t\t<div class=\"elementor-widget-wrap elementor-element-populated\">\n\t\t\t\t\t\t<div class=\"elementor-element elementor-element-cf96571 elementor-widget elementor-widget-heading\" data-id=\"cf96571\" data-element_type=\"widget\" data-e-type=\"widget\" data-widget_type=\"heading.default\">\n\t\t\t\t<div class=\"elementor-widget-container\">\n\t\t\t\t\t<h3 class=\"elementor-heading-title elementor-size-default\">Sp\u00e9cifications techniques<\/h3>\t\t\t\t<\/div>\n\t\t\t\t<\/div>\n\t\t\t\t<div class=\"elementor-element elementor-element-ee3b113 elementor-widget elementor-widget-toggle\" data-id=\"ee3b113\" data-element_type=\"widget\" data-e-type=\"widget\" data-widget_type=\"toggle.default\">\n\t\t\t\t<div class=\"elementor-widget-container\">\n\t\t\t\t\t\t\t<div class=\"elementor-toggle\">\n\t\t\t\t\t\t\t<div class=\"elementor-toggle-item\">\n\t\t\t\t\t<div id=\"elementor-tab-title-2491\" class=\"elementor-tab-title\" data-tab=\"1\" role=\"button\" aria-controls=\"elementor-tab-content-2491\" aria-expanded=\"false\">\n\t\t\t\t\t\t\t\t\t\t\t\t<a class=\"elementor-toggle-title\" tabindex=\"0\">Caisses pour dalles de 1600x3200 mm<\/a>\n\t\t\t\t\t<\/div>\n\n\t\t\t\t\t<div id=\"elementor-tab-content-2491\" class=\"elementor-tab-content elementor-clearfix\" data-tab=\"1\" role=\"region\" aria-labelledby=\"elementor-tab-title-2491\"><ul><li>Largeur\u00a0: 1802 mm;<\/li><li>Longueur : 3396 mm.<\/li><\/ul><\/div>\n\t\t\t\t<\/div>\n\t\t\t\t\t\t\t<div class=\"elementor-toggle-item\">\n\t\t\t\t\t<div id=\"elementor-tab-title-2492\" class=\"elementor-tab-title\" data-tab=\"2\" role=\"button\" aria-controls=\"elementor-tab-content-2492\" aria-expanded=\"false\">\n\t\t\t\t\t\t\t\t\t\t\t\t<a class=\"elementor-toggle-title\" tabindex=\"0\">Caisses pour dalles de 1200x2400 mm<\/a>\n\t\t\t\t\t<\/div>\n\n\t\t\t\t\t<div id=\"elementor-tab-content-2492\" class=\"elementor-tab-content elementor-clearfix\" data-tab=\"2\" role=\"region\" aria-labelledby=\"elementor-tab-title-2492\"><ul><li>Largeur\u00a0: 1402 mm;<\/li><li>Longueur : 2596 mm.<\/li><\/ul><\/div>\n\t\t\t\t<\/div>\n\t\t\t\t\t\t\t<div class=\"elementor-toggle-item\">\n\t\t\t\t\t<div id=\"elementor-tab-title-2493\" class=\"elementor-tab-title\" data-tab=\"3\" role=\"button\" aria-controls=\"elementor-tab-content-2493\" aria-expanded=\"false\">\n\t\t\t\t\t\t\t\t\t\t\t\t<a class=\"elementor-toggle-title\" tabindex=\"0\">Caisses pour dalles sur mesure<\/a>\n\t\t\t\t\t<\/div>\n\n\t\t\t\t\t<div id=\"elementor-tab-content-2493\" class=\"elementor-tab-content elementor-clearfix\" data-tab=\"3\" role=\"region\" aria-labelledby=\"elementor-tab-title-2493\"><p>Nous r\u00e9alisons des caisses sur mesure en fonction des dalles.<\/p><\/div>\n\t\t\t\t<\/div>\n\t\t\t\t\t\t\t\t<\/div>\n\t\t\t\t\t\t<\/div>\n\t\t\t\t<\/div>\n\t\t\t\t\t<\/div>\n\t\t<\/div>\n\t\t\t\t\t<\/div>\n\t\t<\/section>\n\t\t\t\t<\/div>\n\t\t","protected":false},"excerpt":{"rendered":"<p>Caisses zingu\u00e9es Nous concevons et r\u00e9alisons des caisses zingu\u00e9es pour accueillir, emballer, stocker, manutentionner et transporter des dalles en c\u00e9ramique, de toute forme et dimension. Acheter Vid\u00e9o Mod\u00e8le 3D Informations d\u00e9taill\u00e9es Les dalles en c\u00e9ramique grand format sont de plus en plus recherch\u00e9es et utilis\u00e9es sur le march\u00e9 des rev\u00eatements pour le b\u00e2timent. Les dimensions [&hellip;]<\/p>\n","protected":false},"author":1,"featured_media":0,"parent":0,"menu_order":0,"comment_status":"closed","ping_status":"closed","template":"","meta":{"footnotes":""},"class_list":["post-3804","page","type-page","status-publish","hentry"],"_links":{"self":[{"href":"https:\/\/www.cimasrl.it\/fr\/wp-json\/wp\/v2\/pages\/3804","targetHints":{"allow":["GET"]}}],"collection":[{"href":"https:\/\/www.cimasrl.it\/fr\/wp-json\/wp\/v2\/pages"}],"about":[{"href":"https:\/\/www.cimasrl.it\/fr\/wp-json\/wp\/v2\/types\/page"}],"author":[{"embeddable":true,"href":"https:\/\/www.cimasrl.it\/fr\/wp-json\/wp\/v2\/users\/1"}],"replies":[{"embeddable":true,"href":"https:\/\/www.cimasrl.it\/fr\/wp-json\/wp\/v2\/comments?post=3804"}],"version-history":[{"count":5,"href":"https:\/\/www.cimasrl.it\/fr\/wp-json\/wp\/v2\/pages\/3804\/revisions"}],"predecessor-version":[{"id":4670,"href":"https:\/\/www.cimasrl.it\/fr\/wp-json\/wp\/v2\/pages\/3804\/revisions\/4670"}],"wp:attachment":[{"href":"https:\/\/www.cimasrl.it\/fr\/wp-json\/wp\/v2\/media?parent=3804"}],"curies":[{"name":"wp","href":"https:\/\/api.w.org\/{rel}","templated":true}]}}