{"id":3836,"date":"2022-06-27T09:52:16","date_gmt":"2022-06-27T09:52:16","guid":{"rendered":"https:\/\/www.cimasrl.it\/contatti\/"},"modified":"2022-08-31T13:09:00","modified_gmt":"2022-08-31T13:09:00","slug":"contacts","status":"publish","type":"page","link":"https:\/\/www.cimasrl.it\/fr\/contacts\/","title":{"rendered":"Contacts"},"content":{"rendered":"\t\t<div data-elementor-type=\"wp-page\" data-elementor-id=\"3836\" class=\"elementor elementor-3836 elementor-1607\" data-elementor-post-type=\"page\">\n\t\t\t\t\t\t<section class=\"elementor-section elementor-top-section elementor-element elementor-element-07d9df0 elementor-hidden-mobile elementor-section-boxed elementor-section-height-default elementor-section-height-default\" data-id=\"07d9df0\" data-element_type=\"section\" data-e-type=\"section\" data-settings=\"{&quot;background_background&quot;:&quot;gradient&quot;}\">\n\t\t\t\t\t\t<div class=\"elementor-container elementor-column-gap-default\">\n\t\t\t\t\t<div class=\"elementor-column elementor-col-50 elementor-top-column elementor-element elementor-element-7a95102\" data-id=\"7a95102\" data-element_type=\"column\" data-e-type=\"column\">\n\t\t\t<div class=\"elementor-widget-wrap elementor-element-populated\">\n\t\t\t\t\t\t<div class=\"elementor-element elementor-element-654110b elementor-widget elementor-widget-heading\" data-id=\"654110b\" data-element_type=\"widget\" data-e-type=\"widget\" data-widget_type=\"heading.default\">\n\t\t\t\t<div class=\"elementor-widget-container\">\n\t\t\t\t\t<h1 class=\"elementor-heading-title elementor-size-default\">Contactez-nous<\/h1>\t\t\t\t<\/div>\n\t\t\t\t<\/div>\n\t\t\t\t<div class=\"elementor-element elementor-element-94a1790 elementor-widget elementor-widget-heading\" data-id=\"94a1790\" data-element_type=\"widget\" data-e-type=\"widget\" data-widget_type=\"heading.default\">\n\t\t\t\t<div class=\"elementor-widget-container\">\n\t\t\t\t\t<h2 class=\"elementor-heading-title elementor-size-default\">pour informations<\/h2>\t\t\t\t<\/div>\n\t\t\t\t<\/div>\n\t\t\t\t<div class=\"elementor-element elementor-element-1e082a2 elementor-widget elementor-widget-text-editor\" data-id=\"1e082a2\" data-element_type=\"widget\" data-e-type=\"widget\" data-widget_type=\"text-editor.default\">\n\t\t\t\t<div class=\"elementor-widget-container\">\n\t\t\t\t\t\t\t\t\t<p>Pour toute demande\u00a0:<\/p><p><strong>Cima srl<br \/><\/strong>Via Gambellara, 36 <br \/>40026 Imola<br \/>BO<\/p><p>n\u00b0 tva: 00605681204<br \/>code d\u2019identification fiscale: 03229690379<\/p><p>email: <a href=\"mailto:cima@cimasrl.it\">cima@cimasrl.it<\/a><br \/>t\u00e9l\u00e9phone: 0542 640404<br \/>fax: 0542 641973<\/p><p><a href=\"https:\/\/www.linkedin.com\/company\/linkedin-cima-impianti\/\" target=\"_blank\" rel=\"noopener\">LinkedIn<\/a><\/p>\t\t\t\t\t\t\t\t<\/div>\n\t\t\t\t<\/div>\n\t\t\t\t\t<\/div>\n\t\t<\/div>\n\t\t\t\t<div class=\"elementor-column elementor-col-50 elementor-top-column elementor-element elementor-element-d194021\" data-id=\"d194021\" data-element_type=\"column\" data-e-type=\"column\">\n\t\t\t<div class=\"elementor-widget-wrap elementor-element-populated\">\n\t\t\t\t\t\t<div class=\"elementor-element elementor-element-0011805 elementor-widget elementor-widget-heading\" data-id=\"0011805\" data-element_type=\"widget\" data-e-type=\"widget\" data-widget_type=\"heading.default\">\n\t\t\t\t<div class=\"elementor-widget-container\">\n\t\t\t\t\t<h3 class=\"elementor-heading-title elementor-size-default\">Demande d\u2019informations<\/h3>\t\t\t\t<\/div>\n\t\t\t\t<\/div>\n\t\t\t\t<div class=\"elementor-element elementor-element-96ee7ab elementor-widget elementor-widget-shortcode\" data-id=\"96ee7ab\" data-element_type=\"widget\" data-e-type=\"widget\" data-widget_type=\"shortcode.default\">\n\t\t\t\t<div class=\"elementor-widget-container\">\n\t\t\t\t\t\t\t<div class=\"elementor-shortcode\"><div class=\"forminator-ui forminator-custom-form forminator-custom-form-3855 forminator-design--material  forminator_ajax\" data-forminator-render=\"0\" data-form=\"forminator-module-3855\" data-uid=\"69f2ea2034cf6\"><br\/><\/div><form\r\n\t\t\t\tid=\"forminator-module-3855\"\r\n\t\t\t\tclass=\"forminator-ui forminator-custom-form forminator-custom-form-3855 forminator-design--material  forminator_ajax\"\r\n\t\t\t\tmethod=\"post\"\r\n\t\t\t\tdata-forminator-render=\"0\"\r\n\t\t\t\tdata-form-id=\"3855\"\r\n\t\t\t\t data-color-option=\"default\" data-design=\"material\" data-grid=\"open\" style=\"display: none;\"\r\n\t\t\t\tdata-uid=\"69f2ea2034cf6\"\r\n\t\t\t><div role=\"alert\" aria-live=\"polite\" class=\"forminator-response-message forminator-error\" aria-hidden=\"true\"><\/div><div class=\"forminator-row\"><div id=\"name-1\" class=\"forminator-field-name forminator-col forminator-col-12 \"><div class=\"forminator-field\"><label for=\"forminator-field-name-1_69f2ea2034cf6\" id=\"forminator-field-name-1_69f2ea2034cf6-label\" class=\"forminator-label\">Nom - Pr\u00e9nom<\/label><input type=\"text\" name=\"name-1\" value=\"\" placeholder=\"\" id=\"forminator-field-name-1_69f2ea2034cf6\" class=\"forminator-input forminator-name--field\" aria-required=\"false\" autocomplete=\"name\" \/><\/div><\/div><\/div><div class=\"forminator-row\"><div id=\"email-1\" class=\"forminator-field-email forminator-col forminator-col-12 \"><div class=\"forminator-field\"><label for=\"forminator-field-email-1_69f2ea2034cf6\" id=\"forminator-field-email-1_69f2ea2034cf6-label\" class=\"forminator-label\">Email <span class=\"forminator-required\">*<\/span><\/label><input type=\"email\" name=\"email-1\" value=\"\" placeholder=\"\" id=\"forminator-field-email-1_69f2ea2034cf6\" class=\"forminator-input forminator-email--field\" data-required=\"1\" aria-required=\"true\" autocomplete=\"email\" \/><\/div><\/div><\/div><div class=\"forminator-row\"><div id=\"phone-1\" class=\"forminator-field-phone forminator-col forminator-col-12 \"><div class=\"forminator-field\"><label for=\"forminator-field-phone-1_69f2ea2034cf6\" id=\"forminator-field-phone-1_69f2ea2034cf6-label\" class=\"forminator-label\">T\u00e9l\u00e9phone<\/label><input type=\"text\" name=\"phone-1\" value=\"\" placeholder=\"\" id=\"forminator-field-phone-1_69f2ea2034cf6\" class=\"forminator-input forminator-field--phone\" data-required=\"\" aria-required=\"false\" autocomplete=\"off\" \/><\/div><\/div><\/div><div class=\"forminator-row\"><div id=\"checkbox-1\" class=\"forminator-field-checkbox forminator-col forminator-col-12 \"><div role=\"group\" class=\"forminator-field\" aria-labelledby=\"forminator-checkbox-group-forminator-field-checkbox-1-69f2ea2034cf6-label\"><span id=\"forminator-checkbox-group-forminator-field-checkbox-1-69f2ea2034cf6-label\" class=\"forminator-label\">Je suis int\u00e9ress\u00e9 par les<\/span><label id=\"forminator-field-checkbox-1-1-69f2ea2034cf6-label\" for=\"forminator-field-checkbox-1-1-69f2ea2034cf6\" class=\"forminator-checkbox\" title=\"Chevalets\"><input type=\"checkbox\" name=\"checkbox-1[]\" value=\"Chevalets\" id=\"forminator-field-checkbox-1-1-69f2ea2034cf6\" aria-labelledby=\"forminator-field-checkbox-1-1-69f2ea2034cf6-label\" data-calculation=\"0\"  \/><span class=\"forminator-checkbox-box\" aria-hidden=\"true\"><\/span><span class=\"forminator-checkbox-label\">Chevalets<\/span><\/label><label id=\"forminator-field-checkbox-1-2-69f2ea2034cf6-label\" for=\"forminator-field-checkbox-1-2-69f2ea2034cf6\" class=\"forminator-checkbox\" title=\"Caisses zingu\u00e9es\"><input type=\"checkbox\" name=\"checkbox-1[]\" value=\"Caisses-zingu\u00e9es\" id=\"forminator-field-checkbox-1-2-69f2ea2034cf6\" aria-labelledby=\"forminator-field-checkbox-1-2-69f2ea2034cf6-label\" data-calculation=\"0\"  \/><span class=\"forminator-checkbox-box\" aria-hidden=\"true\"><\/span><span class=\"forminator-checkbox-label\">Caisses zingu\u00e9es<\/span><\/label><label id=\"forminator-field-checkbox-1-3-69f2ea2034cf6-label\" for=\"forminator-field-checkbox-1-3-69f2ea2034cf6\" class=\"forminator-checkbox\" title=\"Syst\u00e8mes de rangement\"><input type=\"checkbox\" name=\"checkbox-1[]\" value=\"Syst\u00e8mes-de-rangement\" id=\"forminator-field-checkbox-1-3-69f2ea2034cf6\" aria-labelledby=\"forminator-field-checkbox-1-3-69f2ea2034cf6-label\" data-calculation=\"0\"  \/><span class=\"forminator-checkbox-box\" aria-hidden=\"true\"><\/span><span class=\"forminator-checkbox-label\">Syst\u00e8mes de rangement<\/span><\/label><label id=\"forminator-field-checkbox-1-4-69f2ea2034cf6-label\" for=\"forminator-field-checkbox-1-4-69f2ea2034cf6\" class=\"forminator-checkbox\" title=\"Syst\u00e8mes de rangement\"><input type=\"checkbox\" name=\"checkbox-1[]\" value=\"Syst\u00e8mes-de-rangement\" id=\"forminator-field-checkbox-1-4-69f2ea2034cf6\" aria-labelledby=\"forminator-field-checkbox-1-4-69f2ea2034cf6-label\" data-calculation=\"0\"  \/><span class=\"forminator-checkbox-box\" aria-hidden=\"true\"><\/span><span class=\"forminator-checkbox-label\">Syst\u00e8mes de rangement<\/span><\/label><\/div><\/div><\/div><div class=\"forminator-row\"><div id=\"textarea-1\" class=\"forminator-field-textarea forminator-col forminator-col-12 \"><div class=\"forminator-field\"><label for=\"forminator-field-textarea-1_69f2ea2034cf6\" id=\"forminator-field-textarea-1_69f2ea2034cf6-label\" class=\"forminator-label\">Message<\/label><textarea name=\"textarea-1\" placeholder=\"\" id=\"forminator-field-textarea-1_69f2ea2034cf6\" class=\"forminator-textarea\" rows=\"6\" style=\"--forminator-textarea-min-height:140px;\" maxlength=\"400\" ><\/textarea><span id=\"forminator-field-textarea-1_69f2ea2034cf6-description\" class=\"forminator-description\"><span data-limit=\"400\" data-type=\"characters\" data-editor=\"\">0 \/ 400<\/span><\/span><\/div><\/div><\/div><div class=\"forminator-row\"><div id=\"consent-1\" class=\"forminator-field-consent forminator-col forminator-col-12 \"><div class=\"forminator-field\"><label for=\"forminator-field-consent-1_69f2ea2034cf6\" id=\"forminator-field-consent-1_69f2ea2034cf6-label\" class=\"forminator-label\">Politique de confidentialit\u00e9 <span class=\"forminator-required\">*<\/span><\/label><div class=\"forminator-checkbox__wrapper\"><label id=\"forminator-field-consent-1_69f2ea2034cf6__label\" class=\"forminator-checkbox forminator-consent\"><input type=\"checkbox\" name=\"consent-1\" id=\"forminator-field-consent-1_69f2ea2034cf6\" value=\"checked\" aria-labelledby=\"forminator-field-consent-1_69f2ea2034cf6-label\" aria-describedby=\"forminator-field-consent-1_69f2ea2034cf6__description\" data-required=\"true\" aria-required=\"true\" \/><span class=\"forminator-checkbox-box\" aria-hidden=\"true\"><\/span><\/label><div id=\"forminator-field-consent-1_69f2ea2034cf6__description\" class=\"forminator-checkbox__label forminator-consent__label\"><p>Je d\u00e9clare avoir pris connaissance de la politique de confidentialit\u00e9 et consens au traitement de mes informations \u00e0 caract\u00e8re personnel.<\/p><\/div><\/div><\/div><\/div><\/div><div class=\"forminator-row\" style=\"margin: 0;\"><div id=\"captcha-1\" class=\"forminator-field-captcha  forminator-col-12 \"><div class=\"forminator-captcha-left forminator-g-recaptcha recaptcha-invisible\" data-theme=\"light\" data-badge=\"bottomright\" data-sitekey=\"6LeM40wrAAAAALNkjM5k8RktBZaVZOYhH_SOlN3B\" data-size=\"invisible\"><\/div> <\/div><\/div><input type=\"hidden\" name=\"referer_url\" value=\"\" \/><div class=\"forminator-row forminator-row-last\"><div class=\"forminator-col\"><div class=\"forminator-field\"><button class=\"forminator-button forminator-button-submit\"><span>Envoyer<\/span><span aria-hidden=\"true\"><\/span><\/button><\/div><\/div><\/div><input type=\"hidden\" id=\"forminator_nonce\" name=\"forminator_nonce\" value=\"d396a03365\" \/><input type=\"hidden\" name=\"_wp_http_referer\" value=\"\/fr\/wp-json\/wp\/v2\/pages\/3836\" \/><input type=\"hidden\" name=\"form_id\" value=\"3855\"><input type=\"hidden\" name=\"page_id\" value=\"3836\"><input type=\"hidden\" name=\"form_type\" value=\"default\"><input type=\"hidden\" name=\"current_url\" value=\"https:\/\/www.cimasrl.it\/fr\/contacts\/\"><input type=\"hidden\" name=\"render_id\" value=\"0\"><input type=\"hidden\" name=\"action\" value=\"forminator_submit_form_custom-forms\"><label for=\"input_7\" class=\"forminator-hidden\" aria-hidden=\"true\">Veuillez ne pas remplir ce champ. <input id=\"input_7\" type=\"text\" name=\"input_7\" value=\"\" autocomplete=\"off\"><\/label><\/form><\/div>\n\t\t\t\t\t\t<\/div>\n\t\t\t\t<\/div>\n\t\t\t\t\t<\/div>\n\t\t<\/div>\n\t\t\t\t\t<\/div>\n\t\t<\/section>\n\t\t\t\t<section class=\"elementor-section elementor-top-section elementor-element elementor-element-dd627a2 elementor-hidden-desktop elementor-hidden-tablet elementor-section-boxed elementor-section-height-default elementor-section-height-default\" data-id=\"dd627a2\" data-element_type=\"section\" data-e-type=\"section\">\n\t\t\t\t\t\t<div class=\"elementor-container elementor-column-gap-default\">\n\t\t\t\t\t<div class=\"elementor-column elementor-col-50 elementor-top-column elementor-element elementor-element-6ebbc1b\" data-id=\"6ebbc1b\" data-element_type=\"column\" data-e-type=\"column\" data-settings=\"{&quot;background_background&quot;:&quot;classic&quot;}\">\n\t\t\t<div class=\"elementor-widget-wrap elementor-element-populated\">\n\t\t\t\t\t\t<div class=\"elementor-element elementor-element-d8ecaed elementor-widget elementor-widget-heading\" data-id=\"d8ecaed\" data-element_type=\"widget\" data-e-type=\"widget\" data-widget_type=\"heading.default\">\n\t\t\t\t<div class=\"elementor-widget-container\">\n\t\t\t\t\t<h4 class=\"elementor-heading-title elementor-size-default\">Contactez-nous<\/h4>\t\t\t\t<\/div>\n\t\t\t\t<\/div>\n\t\t\t\t<div class=\"elementor-element elementor-element-0722e00 elementor-widget elementor-widget-heading\" data-id=\"0722e00\" data-element_type=\"widget\" data-e-type=\"widget\" data-widget_type=\"heading.default\">\n\t\t\t\t<div class=\"elementor-widget-container\">\n\t\t\t\t\t<h5 class=\"elementor-heading-title elementor-size-default\">pour informations<\/h5>\t\t\t\t<\/div>\n\t\t\t\t<\/div>\n\t\t\t\t<div class=\"elementor-element elementor-element-eb227ab elementor-widget elementor-widget-text-editor\" data-id=\"eb227ab\" data-element_type=\"widget\" data-e-type=\"widget\" data-widget_type=\"text-editor.default\">\n\t\t\t\t<div class=\"elementor-widget-container\">\n\t\t\t\t\t\t\t\t\t<p>Pour toute demande\u00a0:<\/p><p><strong>Cima srl<br \/><\/strong>Via Gambellara, 36 <br \/>40026 Imola<br \/>BO<\/p><p>n\u00b0 tva: 00605681204<br \/>code d\u2019identification fiscale: 03229690379<\/p><p>email: <a href=\"mailto:cima@cimasrl.it\">cima@cimasrl.it<\/a><br \/>t\u00e9l\u00e9phone: 0542 640404<br \/>fax: 0542 641973<\/p><p><a href=\"https:\/\/www.linkedin.com\/company\/linkedin-cima-impianti\/\" target=\"_blank\" rel=\"noopener\">LinkedIn<\/a><\/p>\t\t\t\t\t\t\t\t<\/div>\n\t\t\t\t<\/div>\n\t\t\t\t\t<\/div>\n\t\t<\/div>\n\t\t\t\t<div class=\"elementor-column elementor-col-50 elementor-top-column elementor-element elementor-element-5b66acd\" data-id=\"5b66acd\" data-element_type=\"column\" data-e-type=\"column\" data-settings=\"{&quot;background_background&quot;:&quot;classic&quot;}\">\n\t\t\t<div class=\"elementor-widget-wrap elementor-element-populated\">\n\t\t\t\t\t\t<div class=\"elementor-element elementor-element-62ff23a elementor-widget elementor-widget-heading\" data-id=\"62ff23a\" data-element_type=\"widget\" data-e-type=\"widget\" data-widget_type=\"heading.default\">\n\t\t\t\t<div class=\"elementor-widget-container\">\n\t\t\t\t\t<h6 class=\"elementor-heading-title elementor-size-default\">Demande d\u2019informations<\/h6>\t\t\t\t<\/div>\n\t\t\t\t<\/div>\n\t\t\t\t<div class=\"elementor-element elementor-element-94c0935 elementor-widget elementor-widget-shortcode\" data-id=\"94c0935\" data-element_type=\"widget\" data-e-type=\"widget\" data-widget_type=\"shortcode.default\">\n\t\t\t\t<div class=\"elementor-widget-container\">\n\t\t\t\t\t\t\t<div class=\"elementor-shortcode\"><div class=\"forminator-ui forminator-custom-form forminator-custom-form-3855 forminator-design--material  forminator_ajax\" data-forminator-render=\"1\" data-form=\"forminator-module-3855\" data-uid=\"69f2ea2038465\"><br\/><\/div><form\r\n\t\t\t\tid=\"forminator-module-3855\"\r\n\t\t\t\tclass=\"forminator-ui forminator-custom-form forminator-custom-form-3855 forminator-design--material  forminator_ajax\"\r\n\t\t\t\tmethod=\"post\"\r\n\t\t\t\tdata-forminator-render=\"1\"\r\n\t\t\t\tdata-form-id=\"3855\"\r\n\t\t\t\t data-color-option=\"default\" data-design=\"material\" data-grid=\"open\" style=\"display: none;\"\r\n\t\t\t\tdata-uid=\"69f2ea2038465\"\r\n\t\t\t><div role=\"alert\" aria-live=\"polite\" class=\"forminator-response-message forminator-error\" aria-hidden=\"true\"><\/div><div class=\"forminator-row\"><div id=\"name-1\" class=\"forminator-field-name forminator-col forminator-col-12 \"><div class=\"forminator-field\"><label for=\"forminator-field-name-1_69f2ea2038465\" id=\"forminator-field-name-1_69f2ea2038465-label\" class=\"forminator-label\">Nom - Pr\u00e9nom<\/label><input type=\"text\" name=\"name-1\" value=\"\" placeholder=\"\" id=\"forminator-field-name-1_69f2ea2038465\" class=\"forminator-input forminator-name--field\" aria-required=\"false\" autocomplete=\"name\" \/><\/div><\/div><\/div><div class=\"forminator-row\"><div id=\"email-1\" class=\"forminator-field-email forminator-col forminator-col-12 \"><div class=\"forminator-field\"><label for=\"forminator-field-email-1_69f2ea2038465\" id=\"forminator-field-email-1_69f2ea2038465-label\" class=\"forminator-label\">Email <span class=\"forminator-required\">*<\/span><\/label><input type=\"email\" name=\"email-1\" value=\"\" placeholder=\"\" id=\"forminator-field-email-1_69f2ea2038465\" class=\"forminator-input forminator-email--field\" data-required=\"1\" aria-required=\"true\" autocomplete=\"email\" \/><\/div><\/div><\/div><div class=\"forminator-row\"><div id=\"phone-1\" class=\"forminator-field-phone forminator-col forminator-col-12 \"><div class=\"forminator-field\"><label for=\"forminator-field-phone-1_69f2ea2038465\" id=\"forminator-field-phone-1_69f2ea2038465-label\" class=\"forminator-label\">T\u00e9l\u00e9phone<\/label><input type=\"text\" name=\"phone-1\" value=\"\" placeholder=\"\" id=\"forminator-field-phone-1_69f2ea2038465\" class=\"forminator-input forminator-field--phone\" data-required=\"\" aria-required=\"false\" autocomplete=\"off\" \/><\/div><\/div><\/div><div class=\"forminator-row\"><div id=\"checkbox-1\" class=\"forminator-field-checkbox forminator-col forminator-col-12 \"><div role=\"group\" class=\"forminator-field\" aria-labelledby=\"forminator-checkbox-group-forminator-field-checkbox-1-69f2ea2038465-label\"><span id=\"forminator-checkbox-group-forminator-field-checkbox-1-69f2ea2038465-label\" class=\"forminator-label\">Je suis int\u00e9ress\u00e9 par les<\/span><label id=\"forminator-field-checkbox-1-1-69f2ea2038465-label\" for=\"forminator-field-checkbox-1-1-69f2ea2038465\" class=\"forminator-checkbox\" title=\"Chevalets\"><input type=\"checkbox\" name=\"checkbox-1[]\" value=\"Chevalets\" id=\"forminator-field-checkbox-1-1-69f2ea2038465\" aria-labelledby=\"forminator-field-checkbox-1-1-69f2ea2038465-label\" data-calculation=\"0\"  \/><span class=\"forminator-checkbox-box\" aria-hidden=\"true\"><\/span><span class=\"forminator-checkbox-label\">Chevalets<\/span><\/label><label id=\"forminator-field-checkbox-1-2-69f2ea2038465-label\" for=\"forminator-field-checkbox-1-2-69f2ea2038465\" class=\"forminator-checkbox\" title=\"Caisses zingu\u00e9es\"><input type=\"checkbox\" name=\"checkbox-1[]\" value=\"Caisses-zingu\u00e9es\" id=\"forminator-field-checkbox-1-2-69f2ea2038465\" aria-labelledby=\"forminator-field-checkbox-1-2-69f2ea2038465-label\" data-calculation=\"0\"  \/><span class=\"forminator-checkbox-box\" aria-hidden=\"true\"><\/span><span class=\"forminator-checkbox-label\">Caisses zingu\u00e9es<\/span><\/label><label id=\"forminator-field-checkbox-1-3-69f2ea2038465-label\" for=\"forminator-field-checkbox-1-3-69f2ea2038465\" class=\"forminator-checkbox\" title=\"Syst\u00e8mes de rangement\"><input type=\"checkbox\" name=\"checkbox-1[]\" value=\"Syst\u00e8mes-de-rangement\" id=\"forminator-field-checkbox-1-3-69f2ea2038465\" aria-labelledby=\"forminator-field-checkbox-1-3-69f2ea2038465-label\" data-calculation=\"0\"  \/><span class=\"forminator-checkbox-box\" aria-hidden=\"true\"><\/span><span class=\"forminator-checkbox-label\">Syst\u00e8mes de rangement<\/span><\/label><label id=\"forminator-field-checkbox-1-4-69f2ea2038465-label\" for=\"forminator-field-checkbox-1-4-69f2ea2038465\" class=\"forminator-checkbox\" title=\"Syst\u00e8mes de rangement\"><input type=\"checkbox\" name=\"checkbox-1[]\" value=\"Syst\u00e8mes-de-rangement\" id=\"forminator-field-checkbox-1-4-69f2ea2038465\" aria-labelledby=\"forminator-field-checkbox-1-4-69f2ea2038465-label\" data-calculation=\"0\"  \/><span class=\"forminator-checkbox-box\" aria-hidden=\"true\"><\/span><span class=\"forminator-checkbox-label\">Syst\u00e8mes de rangement<\/span><\/label><\/div><\/div><\/div><div class=\"forminator-row\"><div id=\"textarea-1\" class=\"forminator-field-textarea forminator-col forminator-col-12 \"><div class=\"forminator-field\"><label for=\"forminator-field-textarea-1_69f2ea2038465\" id=\"forminator-field-textarea-1_69f2ea2038465-label\" class=\"forminator-label\">Message<\/label><textarea name=\"textarea-1\" placeholder=\"\" id=\"forminator-field-textarea-1_69f2ea2038465\" class=\"forminator-textarea\" rows=\"6\" style=\"--forminator-textarea-min-height:140px;\" maxlength=\"400\" ><\/textarea><span id=\"forminator-field-textarea-1_69f2ea2038465-description\" class=\"forminator-description\"><span data-limit=\"400\" data-type=\"characters\" data-editor=\"\">0 \/ 400<\/span><\/span><\/div><\/div><\/div><div class=\"forminator-row\"><div id=\"consent-1\" class=\"forminator-field-consent forminator-col forminator-col-12 \"><div class=\"forminator-field\"><label for=\"forminator-field-consent-1_69f2ea2038465\" id=\"forminator-field-consent-1_69f2ea2038465-label\" class=\"forminator-label\">Politique de confidentialit\u00e9 <span class=\"forminator-required\">*<\/span><\/label><div class=\"forminator-checkbox__wrapper\"><label id=\"forminator-field-consent-1_69f2ea2038465__label\" class=\"forminator-checkbox forminator-consent\"><input type=\"checkbox\" name=\"consent-1\" id=\"forminator-field-consent-1_69f2ea2038465\" value=\"checked\" aria-labelledby=\"forminator-field-consent-1_69f2ea2038465-label\" aria-describedby=\"forminator-field-consent-1_69f2ea2038465__description\" data-required=\"true\" aria-required=\"true\" \/><span class=\"forminator-checkbox-box\" aria-hidden=\"true\"><\/span><\/label><div id=\"forminator-field-consent-1_69f2ea2038465__description\" class=\"forminator-checkbox__label forminator-consent__label\"><p>Je d\u00e9clare avoir pris connaissance de la politique de confidentialit\u00e9 et consens au traitement de mes informations \u00e0 caract\u00e8re personnel.<\/p><\/div><\/div><\/div><\/div><\/div><div class=\"forminator-row\" style=\"margin: 0;\"><div id=\"captcha-1\" class=\"forminator-field-captcha  forminator-col-12 \"><div class=\"forminator-captcha-left forminator-g-recaptcha recaptcha-invisible\" data-theme=\"light\" data-badge=\"bottomright\" data-sitekey=\"6LeM40wrAAAAALNkjM5k8RktBZaVZOYhH_SOlN3B\" data-size=\"invisible\"><\/div> <\/div><\/div><input type=\"hidden\" name=\"referer_url\" value=\"\" \/><div class=\"forminator-row forminator-row-last\"><div class=\"forminator-col\"><div class=\"forminator-field\"><button class=\"forminator-button forminator-button-submit\"><span>Envoyer<\/span><span aria-hidden=\"true\"><\/span><\/button><\/div><\/div><\/div><input type=\"hidden\" id=\"forminator_nonce\" name=\"forminator_nonce\" value=\"d396a03365\" \/><input type=\"hidden\" name=\"_wp_http_referer\" value=\"\/fr\/wp-json\/wp\/v2\/pages\/3836\" \/><input type=\"hidden\" name=\"form_id\" value=\"3855\"><input type=\"hidden\" name=\"page_id\" value=\"3836\"><input type=\"hidden\" name=\"form_type\" value=\"default\"><input type=\"hidden\" name=\"current_url\" value=\"https:\/\/www.cimasrl.it\/fr\/contacts\/\"><input type=\"hidden\" name=\"render_id\" value=\"1\"><input type=\"hidden\" name=\"action\" value=\"forminator_submit_form_custom-forms\"><label for=\"input_7\" class=\"forminator-hidden\" aria-hidden=\"true\">Veuillez ne pas remplir ce champ. <input id=\"input_7\" type=\"text\" name=\"input_7\" value=\"\" autocomplete=\"off\"><\/label><label for=\"input_7\" class=\"forminator-hidden\" aria-hidden=\"true\">Veuillez ne pas remplir ce champ. <input id=\"input_7\" type=\"text\" name=\"input_7\" value=\"\" autocomplete=\"off\"><\/label><\/form><\/div>\n\t\t\t\t\t\t<\/div>\n\t\t\t\t<\/div>\n\t\t\t\t\t<\/div>\n\t\t<\/div>\n\t\t\t\t\t<\/div>\n\t\t<\/section>\n\t\t\t\t<\/div>\n\t\t","protected":false},"excerpt":{"rendered":"<p>Contactez-nous pour informations Pour toute demande\u00a0: Cima srlVia Gambellara, 36 40026 ImolaBO n\u00b0 tva: 00605681204code d\u2019identification fiscale: 03229690379 email: cima@cimasrl.itt\u00e9l\u00e9phone: 0542 640404fax: 0542 641973 LinkedIn Demande d\u2019informations Contactez-nous pour informations Pour toute demande\u00a0: Cima srlVia Gambellara, 36 40026 ImolaBO n\u00b0 tva: 00605681204code d\u2019identification fiscale: 03229690379 email: cima@cimasrl.itt\u00e9l\u00e9phone: 0542 640404fax: 0542 641973 LinkedIn Demande d\u2019informations<\/p>\n","protected":false},"author":1,"featured_media":0,"parent":0,"menu_order":0,"comment_status":"closed","ping_status":"closed","template":"","meta":{"footnotes":""},"class_list":["post-3836","page","type-page","status-publish","hentry"],"_links":{"self":[{"href":"https:\/\/www.cimasrl.it\/fr\/wp-json\/wp\/v2\/pages\/3836","targetHints":{"allow":["GET"]}}],"collection":[{"href":"https:\/\/www.cimasrl.it\/fr\/wp-json\/wp\/v2\/pages"}],"about":[{"href":"https:\/\/www.cimasrl.it\/fr\/wp-json\/wp\/v2\/types\/page"}],"author":[{"embeddable":true,"href":"https:\/\/www.cimasrl.it\/fr\/wp-json\/wp\/v2\/users\/1"}],"replies":[{"embeddable":true,"href":"https:\/\/www.cimasrl.it\/fr\/wp-json\/wp\/v2\/comments?post=3836"}],"version-history":[{"count":5,"href":"https:\/\/www.cimasrl.it\/fr\/wp-json\/wp\/v2\/pages\/3836\/revisions"}],"predecessor-version":[{"id":4548,"href":"https:\/\/www.cimasrl.it\/fr\/wp-json\/wp\/v2\/pages\/3836\/revisions\/4548"}],"wp:attachment":[{"href":"https:\/\/www.cimasrl.it\/fr\/wp-json\/wp\/v2\/media?parent=3836"}],"curies":[{"name":"wp","href":"https:\/\/api.w.org\/{rel}","templated":true}]}}